{"id":8484,"date":"2023-04-04T20:05:56","date_gmt":"2023-04-04T20:05:56","guid":{"rendered":"https:\/\/admk.srtv.cl\/?page_id=8484"},"modified":"2026-02-24T20:46:32","modified_gmt":"2026-02-24T20:46:32","slug":"sobre-nosotros","status":"publish","type":"page","link":"https:\/\/admk.cl\/index.php\/sobre-nosotros\/","title":{"rendered":"Sobre Nosotros"},"content":{"rendered":"<section class=\"l-section wpb_row height_custom\"><div class=\"l-section-h i-cf\"><div class=\"g-cols vc_row via_flex valign_top type_default stacking_default\"><div class=\"vc_col-sm-12 wpb_column vc_column_container\"><div class=\"vc_column-inner\"><div class=\"wpb_wrapper\"><div class=\"wpb_text_column us_custom_39134cb4 has_text_color\"><div class=\"wpb_wrapper\"><p>Sobre nosotros:<\/p>\n<div id=\"gtx-trans\" style=\"position: absolute; left: -62px; top: -17px;\">\n<div class=\"gtx-trans-icon\"><\/div>\n<\/div>\n<\/div><\/div><div class=\"w-separator size_medium\"><\/div><div class=\"wpb_text_column us_custom_5c976798\"><div class=\"wpb_wrapper\"><p>Somos una empresa de consultor\u00eda creada para apoyar la formaci\u00f3n de empresas y startups chilenas, proporcionando todo lo necesario para su funcionamiento.<\/p>\n<p>Nos comprometemos a entregar asesor\u00eda de la m\u00e1s alta calidad, ya sea en temas de inform\u00e1tica o nuestros servicios administrativos, como creaci\u00f3n de sociedades comerciales o registros de marca.<\/p>\n<p>Nuestro concepto es ofrecer un servicio integral, partiendo desde el registro de la sociedad y su marca comercial, hasta la creaci\u00f3n del sitio web y las herramientas tecnol\u00f3gicas que son indispensables para el \u00e9xito de su empresa.<\/p>\n<\/div><\/div><\/div><\/div><\/div><\/div><\/div><\/section><section class=\"l-section wpb_row height_custom\"><div class=\"l-section-h i-cf\"><div class=\"g-cols vc_row via_flex valign_top type_default stacking_default\"><div class=\"vc_col-sm-12 wpb_column vc_column_container\"><div class=\"vc_column-inner\"><div class=\"wpb_wrapper\"><div class=\"wpb_text_column us_custom_9ac35c2a has_text_color\"><div class=\"wpb_wrapper\"><p>\u00bfQu\u00e9 ofrecemos?<\/p>\n<\/div><\/div><\/div><\/div><\/div><\/div><\/div><\/section><section class=\"l-section wpb_row us_custom_91e11ea4 height_custom\"><div class=\"l-section-h i-cf\"><div class=\"g-cols vc_row via_flex valign_top type_default stacking_default\"><div class=\"vc_col-sm-6 wpb_column vc_column_container\"><div class=\"vc_column-inner\"><div class=\"wpb_wrapper\"><div class=\"w-iconbox us_custom_0bed3ca1 has_text_color us_animate_this iconpos_left style_default color_primary align_center\"><div class=\"w-iconbox-icon\" style=\"font-size:2rem;\"><i class=\"fas fa-head-side-brain\"><\/i><\/div><div class=\"w-iconbox-meta\"><h3 class=\"w-iconbox-title\">Servicios de inform\u00e1tica<\/h3><div class=\"w-iconbox-text\"><p><em>ADMK<\/em> ofrece la m\u00e1s completa en temas de inform\u00e1tica, transformaci\u00f3n digital, inteligencia artificial y automatizaci\u00f3n, poniendo a disposici\u00f3n las \u00faltimas tecnolog\u00edas.<\/p>\n<\/div><\/div><\/div><\/div><\/div><\/div><div class=\"vc_col-sm-6 wpb_column vc_column_container\"><div class=\"vc_column-inner\"><div class=\"wpb_wrapper\"><div class=\"w-iconbox us_custom_13190873 has_text_color iconpos_left style_default color_primary align_center\"><div class=\"w-iconbox-icon\" style=\"font-size:2rem;\"><i class=\"fas fa-file-alt\"><\/i><\/div><div class=\"w-iconbox-meta\"><h3 class=\"w-iconbox-title\">Registro de Marcas<\/h3><div class=\"w-iconbox-text\"><p>El proceso de <strong>registro de marca en Chile<\/strong> <u>no requiere de la representaci\u00f3n de un abogado<\/u>, esto ha llevado a muchos emprendedores a err\u00f3neamente iniciar por su cuenta el proceso de registro sin una asesor\u00eda o los conocimientos adecuados en la materia: Lamentablemente esta es una mala pr\u00e1ctica; toda vez que; seg\u00fan los datos del <strong>INAPI<\/strong> alrededor <strong>del 60% de las marcas solicitadas por personas sin representaci\u00f3n legal fracasa<\/strong>.<\/p>\n<\/div><\/div><\/div><\/div><\/div><\/div><\/div><\/div><\/section><section class=\"l-section wpb_row us_custom_91e11ea4 height_custom\"><div class=\"l-section-h i-cf\"><div class=\"g-cols vc_row via_flex valign_top type_default stacking_default\"><div class=\"vc_col-sm-6 wpb_column vc_column_container\"><div class=\"vc_column-inner\"><div class=\"wpb_wrapper\"><div class=\"w-iconbox us_custom_0bed3ca1 has_text_color us_animate_this iconpos_left style_default color_primary align_center\"><div class=\"w-iconbox-icon\" style=\"font-size:2rem;\"><i class=\"fas fa-shield-check\"><\/i><\/div><div class=\"w-iconbox-meta\"><h3 class=\"w-iconbox-title\">Constituci\u00f3n de empresas<\/h3><div class=\"w-iconbox-text\"><p>Con la <strong>constituci\u00f3n de tu empresa en Chile <\/strong>podr\u00e1s cuidar tu patrimonio personal, haciendo de tu negocio una persona jur\u00eddica independiente que carga sus propias obligaciones sin tocar tu bolsillo de forma directa. As\u00ed mismo, le brindara mayores facilidades a la hora de acceder a las instituciones bancarias o de cr\u00e9dito para obtener financiamiento.<\/p>\n<\/div><\/div><\/div><\/div><\/div><\/div><div class=\"vc_col-sm-6 wpb_column vc_column_container\"><div class=\"vc_column-inner\"><div class=\"wpb_wrapper\"><div class=\"w-iconbox us_custom_0bed3ca1 has_text_color us_animate_this iconpos_left style_default color_primary align_center\"><div class=\"w-iconbox-icon\" style=\"font-size:2rem;\"><i class=\"fas fa-file-signature\"><\/i><\/div><div class=\"w-iconbox-meta\"><h3 class=\"w-iconbox-title\">Venta de software Microsoft 365<\/h3><div class=\"w-iconbox-text\"><p>Como Partner de Microsoft, ADMK proporciona soluciones en toda la gama de servicios de Microsoft, desde Microsoft 365 para empresas hasta el CRM Dynamics 365, licenciamiento Windows Server, SQL Server y mucho m\u00e1s.<\/p>\n<\/div><\/div><\/div><\/div><\/div><\/div><\/div><\/div><\/section><section class=\"l-section wpb_row height_custom\"><div class=\"l-section-h i-cf\"><div class=\"g-cols vc_row via_flex valign_top type_default stacking_default\"><div class=\"vc_col-sm-12 wpb_column vc_column_container\"><div class=\"vc_column-inner\"><div class=\"wpb_wrapper\"><div class=\"wpb_text_column us_custom_b223a5fa has_text_color\"><div class=\"wpb_wrapper\"><p>Perfil empresarial<\/p>\n<div id=\"gtx-trans\" style=\"position: absolute; left: -132px; top: -16.3333px;\">\n<div class=\"gtx-trans-icon\"><\/div>\n<\/div>\n<\/div><\/div><\/div><\/div><\/div><\/div><\/div><\/section><section class=\"l-section wpb_row us_custom_91e11ea4 height_custom\"><div class=\"l-section-h i-cf\"><div class=\"g-cols vc_row via_flex valign_top type_default stacking_default\"><div class=\"vc_col-sm-6 wpb_column vc_column_container\"><div class=\"vc_column-inner\"><div class=\"wpb_wrapper\"><div class=\"w-vwrapper us_custom_b75bf1aa card-wrapper align_none valign_top\"><div class=\"wpb_text_column us_custom_8c18ff80 has_text_color\"><div class=\"wpb_wrapper\"><p>Misi\u00f3n:<\/p>\n<\/div><\/div><div class=\"wpb_text_column us_custom_5c976798\"><div class=\"wpb_wrapper\"><p>En ADMK Consulting, nuestra misi\u00f3n es apoyar de manera integral a las peque\u00f1as y medianas empresas. Nos comprometemos a brindar soluciones proactivas y eficaces, ofreciendo la m\u00e1s alta calidad en asesor\u00eda. Con nuestra experiencia y conocimientos especializados, buscamos ser el aliado confiable que gu\u00ede a nuestros clientes a trav\u00e9s de estos procesos, agilizando y asegurando su desarrollo en el mercado nacional e internacional.<\/p>\n<p>.<\/p>\n<\/div><\/div><\/div><\/div><\/div><\/div><div class=\"vc_col-sm-6 wpb_column vc_column_container\"><div class=\"vc_column-inner\"><div class=\"wpb_wrapper\"><div class=\"w-vwrapper us_custom_b75bf1aa card-wrapper align_none valign_top\"><div class=\"wpb_text_column us_custom_8c18ff80 has_text_color\"><div class=\"wpb_wrapper\"><p>Visi\u00f3n:<\/p>\n<div id=\"gtx-trans\" style=\"position: absolute; left: -137px; top: 31px;\">\n<div class=\"gtx-trans-icon\"><\/div>\n<\/div>\n<\/div><\/div><div class=\"wpb_text_column us_custom_5c976798\"><div class=\"wpb_wrapper\"><p>Nuestra visi\u00f3n en ADMK Consulting es convertirnos en la firma de consultor\u00eda l\u00edder en Chile, reconocida por nuestra excelencia en la asesor\u00eda legal en materias de Propiedad Intelectual.<\/p>\n<p>Nos esforzamos por establecer relaciones de confianza a largo plazo con nuestros clientes, brindando soluciones innovadoras y adaptadas a sus necesidades cambiantes. A trav\u00e9s de nuestro compromiso con la calidad y la excelencia, aspiramos a ser impulsores del crecimiento y el \u00e9xito de las empresas que conf\u00edan en nosotros.<\/p>\n<\/div><\/div><\/div><\/div><\/div><\/div><\/div><\/div><\/section><section class=\"l-section wpb_row us_custom_91e11ea4 height_custom\"><div class=\"l-section-h i-cf\"><div class=\"g-cols vc_row via_flex valign_top type_default stacking_default\"><div class=\"vc_col-sm-4 wpb_column vc_column_container\"><div class=\"vc_column-inner\"><div class=\"wpb_wrapper\"><\/div><\/div><\/div><div class=\"vc_col-sm-4 wpb_column vc_column_container\"><div class=\"vc_column-inner\"><div class=\"wpb_wrapper\"><div class=\"w-vwrapper us_custom_b75bf1aa card-wrapper align_none valign_top\"><div class=\"wpb_text_column us_custom_d1b201a1 has_text_color\"><div class=\"wpb_wrapper\"><p>Contactos:<\/p>\n<div id=\"gtx-trans\" style=\"position: absolute; left: -287px; top: -17px;\">\n<div class=\"gtx-trans-icon\"><\/div>\n<\/div>\n<\/div><\/div><div class=\"w-separator size_small\"><\/div><div class=\"w-iconbox iconpos_left style_default color_primary align_left no_text\"><a href=\"mailto:comercial@admk.cl\" class=\"w-iconbox-link\" aria-label=\"comercial@admk.cl\"><div class=\"w-iconbox-icon\" style=\"font-size:2rem;\"><i class=\"fas fa-envelope\"><\/i><\/div><\/a><div class=\"w-iconbox-meta\"><a href=\"mailto:comercial@admk.cl\" class=\"w-iconbox-link\" aria-label=\"comercial@admk.cl\"><h4 class=\"w-iconbox-title\">comercial@admk.cl<\/h4><\/a><\/div><\/div><div class=\"w-iconbox iconpos_left style_default color_primary align_left no_text\"><a target=\"_blank\" href=\"https:\/\/maps.app.goo.gl\/qYkdeVsFYwvHqL5JA\" rel=\"noopener\" class=\"w-iconbox-link\" aria-label=\"Las Condes 12461 &#8211; Santiago &#8211; Chile\"><div class=\"w-iconbox-icon\" style=\"font-size:2rem;\"><i class=\"fas fa-map-marker-alt\"><\/i><\/div><\/a><div class=\"w-iconbox-meta\"><a target=\"_blank\" href=\"https:\/\/maps.app.goo.gl\/qYkdeVsFYwvHqL5JA\" rel=\"noopener\" class=\"w-iconbox-link\" aria-label=\"Las Condes 12461 &#8211; Santiago &#8211; Chile\"><h4 class=\"w-iconbox-title\">Las Condes 12461 &#8211; Santiago &#8211; Chile<\/h4><\/a><\/div><\/div><div class=\"w-iconbox iconpos_left style_default color_primary align_left no_text\"><a href=\"tel:56953341027\" class=\"w-iconbox-link\" aria-label=\" +56 9 5334 1027\"><div class=\"w-iconbox-icon\" style=\"font-size:2rem;\"><i class=\"fas fa-phone\"><\/i><\/div><\/a><div class=\"w-iconbox-meta\"><a href=\"tel:56953341027\" class=\"w-iconbox-link\" aria-label=\" +56 9 5334 1027\"><h4 class=\"w-iconbox-title\"> +56 9 5334 1027<\/h4><\/a><\/div><\/div><div class=\"w-socials color_brand shape_rounded style_outlined hover_fade stretch\"><div class=\"w-socials-list\"><div class=\"w-socials-item facebook\"><a class=\"w-socials-item-link\" href=\"https:\/\/www.facebook.com\/admkc.cl\" target=\"_blank\" rel=\"noopener nofollow\" title=\"Facebook\" aria-label=\"Facebook\"><span class=\"w-socials-item-link-hover\"><\/span><i class=\"fab fa-facebook\"><\/i><\/a><div class=\"w-socials-item-popup\"><span>Facebook<\/span><\/div><\/div><div class=\"w-socials-item instagram\"><a class=\"w-socials-item-link\" href=\"https:\/\/www.instagram.com\/ADMK_.cl\/\" target=\"_blank\" rel=\"noopener nofollow\" title=\"Instagram\" aria-label=\"Instagram\"><span class=\"w-socials-item-link-hover\"><\/span><i class=\"fab fa-instagram\"><\/i><\/a><div class=\"w-socials-item-popup\"><span>Instagram<\/span><\/div><\/div><div class=\"w-socials-item linkedin\"><a class=\"w-socials-item-link\" href=\"https:\/\/www.linkedin.com\/company\/admkc\" target=\"_blank\" rel=\"noopener nofollow\" title=\"LinkedIn\" aria-label=\"LinkedIn\"><span class=\"w-socials-item-link-hover\"><\/span><i class=\"fab fa-linkedin\"><\/i><\/a><div class=\"w-socials-item-popup\"><span>LinkedIn<\/span><\/div><\/div><div class=\"w-socials-item whatsapp\"><a class=\"w-socials-item-link\" href=\"https:\/\/api.whatsapp.com\/send?phone=56953341027\" target=\"_blank\" rel=\"noopener nofollow\" title=\"WhatsApp\" aria-label=\"WhatsApp\"><span class=\"w-socials-item-link-hover\"><\/span><i class=\"fab fa-whatsapp\"><\/i><\/a><div class=\"w-socials-item-popup\"><span>WhatsApp<\/span><\/div><\/div><\/div><\/div><\/div><\/div><\/div><\/div><div class=\"vc_col-sm-4 wpb_column vc_column_container\"><div class=\"vc_column-inner\"><div class=\"wpb_wrapper\"><\/div><\/div><\/div><\/div><\/div><\/section><section class=\"l-section wpb_row height_custom\"><div class=\"l-section-h i-cf\"><div class=\"g-cols vc_row via_flex valign_top type_default stacking_default\"><div class=\"vc_col-sm-12 wpb_column vc_column_container\"><div class=\"vc_column-inner\"><div class=\"wpb_wrapper\"><div class=\"w-separator size_large\"><\/div><div class=\"w-separator size_small\"><\/div><div class=\"w-separator size_medium\"><\/div><div class=\"w-separator size_small\"><\/div><\/div><\/div><\/div><\/div><\/div><\/section>\n","protected":false},"excerpt":{"rendered":"Sobre nosotros: Somos una empresa de consultor\u00eda creada para apoyar la formaci\u00f3n de empresas y startups chilenas, proporcionando todo lo necesario para su funcionamiento. Nos comprometemos a entregar asesor\u00eda de la m\u00e1s alta calidad, ya sea en temas de inform\u00e1tica o nuestros servicios administrativos, como creaci\u00f3n de sociedades comerciales o registros de marca. Nuestro concepto...","protected":false},"author":1,"featured_media":0,"parent":0,"menu_order":0,"comment_status":"closed","ping_status":"closed","template":"","meta":{"footnotes":""},"acf":[],"_links":{"self":[{"href":"https:\/\/admk.cl\/index.php\/wp-json\/wp\/v2\/pages\/8484"}],"collection":[{"href":"https:\/\/admk.cl\/index.php\/wp-json\/wp\/v2\/pages"}],"about":[{"href":"https:\/\/admk.cl\/index.php\/wp-json\/wp\/v2\/types\/page"}],"author":[{"embeddable":true,"href":"https:\/\/admk.cl\/index.php\/wp-json\/wp\/v2\/users\/1"}],"replies":[{"embeddable":true,"href":"https:\/\/admk.cl\/index.php\/wp-json\/wp\/v2\/comments?post=8484"}],"version-history":[{"count":80,"href":"https:\/\/admk.cl\/index.php\/wp-json\/wp\/v2\/pages\/8484\/revisions"}],"predecessor-version":[{"id":9791,"href":"https:\/\/admk.cl\/index.php\/wp-json\/wp\/v2\/pages\/8484\/revisions\/9791"}],"wp:attachment":[{"href":"https:\/\/admk.cl\/index.php\/wp-json\/wp\/v2\/media?parent=8484"}],"curies":[{"name":"wp","href":"https:\/\/api.w.org\/{rel}","templated":true}]}}