{"id":8841,"date":"2023-04-27T17:49:04","date_gmt":"2023-04-27T17:49:04","guid":{"rendered":"https:\/\/admk.srtv.cl\/?page_id=8841"},"modified":"2023-06-14T14:11:31","modified_gmt":"2023-06-14T14:11:31","slug":"clase-adicional-para-marca-ya-existente","status":"publish","type":"page","link":"https:\/\/admk.cl\/index.php\/clase-adicional-para-marca-ya-existente\/","title":{"rendered":"Clase adicional para marca ya existente"},"content":{"rendered":"<section class=\"l-section wpb_row us_custom_e11ab399 secc-1 clase-adicional-para-marca-ya-existente height_custom\"><div class=\"l-section-h i-cf\"><div class=\"g-cols vc_row via_flex valign_top type_default stacking_default\"><div class=\"vc_col-sm-12 wpb_column vc_column_container\"><div class=\"vc_column-inner\"><div class=\"wpb_wrapper\"><div class=\"g-cols wpb_row via_flex valign_top type_default stacking_default\"><div class=\"vc_col-sm-6 wpb_column vc_column_container\"><div class=\"vc_column-inner\"><div class=\"wpb_wrapper\"><div class=\"w-hwrapper align_none valign_top\"><div class=\"wpb_text_column us_custom_7f753c02 has_text_color\"><div class=\"wpb_wrapper\"><p>Clase Adicional<br \/>\nAmpliar Marca Existente<\/p>\n<\/div><\/div><\/div><\/div><\/div><\/div><div class=\"vc_col-sm-6 wpb_column vc_column_container\"><div class=\"vc_column-inner us_custom_f03ee871\"><div class=\"wpb_wrapper\"><\/div><\/div><\/div><\/div><div class=\"g-cols wpb_row us_custom_f37aca33 via_flex valign_top type_default stacking_default\"><div class=\"vc_col-sm-6 wpb_column vc_column_container\"><div class=\"vc_column-inner\"><div class=\"wpb_wrapper\"><\/div><\/div><\/div><div class=\"vc_col-sm-6 wpb_column vc_column_container mi-form\"><div class=\"vc_column-inner\"><div class=\"wpb_wrapper\"><h1 class=\"w-text us_custom_d9703a8e has_text_color\"><span class=\"w-text-h\"><span class=\"w-text-value\">\u00bfDesea ampliar a m\u00e1s clases una marca ya existente?<\/span><\/span><\/h1><div class=\"wpb_text_column us_custom_6df4bc3a has_text_color\"><div class=\"wpb_wrapper\"><p>Nosotros entregamos el servicio para tramitar de la forma m\u00e1s r\u00e1pida y eficiente posible la ampliaci\u00f3n de su marca comercial<\/p>\n<\/div><\/div><div class=\"w-separator size_small\"><\/div><div class=\"w-text us_custom_6df4bc3a has_text_color icon_atleft\"><span class=\"w-text-h\"><i class=\"fas fa-shield-check\"><\/i><span class=\"w-text-value\">Seguridad y Efectividad<\/span><\/span><\/div><div class=\"w-separator size_custom\" style=\"height:10px\"><\/div><div class=\"w-text us_custom_6df4bc3a has_text_color icon_atleft\"><span class=\"w-text-h\"><i class=\"fas fa-lightbulb-on\"><\/i><span class=\"w-text-value\">Rapidez y eficiencia<\/span><\/span><\/div>\n<div class=\"wpcf7 no-js\" id=\"wpcf7-f8862-o1\" lang=\"es-ES\" dir=\"ltr\">\n<div class=\"screen-reader-response\"><p role=\"status\" aria-live=\"polite\" aria-atomic=\"true\"><\/p> <ul><\/ul><\/div>\n<form action=\"\/index.php\/wp-json\/wp\/v2\/pages\/8841#wpcf7-f8862-o1\" method=\"post\" class=\"wpcf7-form init\" aria-label=\"Formulario de contacto\" novalidate=\"novalidate\" data-status=\"init\">\n<div style=\"display: none;\">\n<input type=\"hidden\" name=\"_wpcf7\" value=\"8862\" \/>\n<input type=\"hidden\" name=\"_wpcf7_version\" value=\"5.7.7\" \/>\n<input type=\"hidden\" name=\"_wpcf7_locale\" value=\"es_ES\" \/>\n<input type=\"hidden\" name=\"_wpcf7_unit_tag\" value=\"wpcf7-f8862-o1\" \/>\n<input type=\"hidden\" name=\"_wpcf7_container_post\" value=\"0\" \/>\n<input type=\"hidden\" name=\"_wpcf7_posted_data_hash\" value=\"\" \/>\n<input type=\"hidden\" name=\"_wpcf7_recaptcha_response\" value=\"\" \/>\n<\/div>\n<p><label><br \/>\n<span class=\"wpcf7-form-control-wrap\" data-name=\"your-name\"><textarea cols=\"40\" rows=\"10\" class=\"wpcf7-form-control wpcf7-textarea wpcf7-validates-as-required\" aria-required=\"true\" aria-invalid=\"false\" placeholder=\"Nombre\" name=\"your-name\"><\/textarea><\/span> <\/label>\n<\/p>\n<p><label><br \/>\n<span class=\"wpcf7-form-control-wrap\" data-name=\"your-email\"><input size=\"40\" class=\"wpcf7-form-control wpcf7-text wpcf7-email wpcf7-validates-as-required wpcf7-validates-as-email\" aria-required=\"true\" aria-invalid=\"false\" placeholder=\"Email\" value=\"\" type=\"email\" name=\"your-email\" \/><\/span> <\/label>\n<\/p>\n<p><label><br \/>\n<span class=\"wpcf7-form-control-wrap\" data-name=\"your-tel\"><textarea cols=\"40\" rows=\"10\" class=\"wpcf7-form-control wpcf7-textarea wpcf7-validates-as-required\" aria-required=\"true\" aria-invalid=\"false\" placeholder=\"Tel\u00e9fono\" name=\"your-tel\"><\/textarea><\/span> <\/label>\n<\/p>\n<p><label><br \/>\n<span class=\"wpcf7-form-control-wrap\" data-name=\"your-message\"><textarea cols=\"40\" rows=\"10\" class=\"wpcf7-form-control wpcf7-textarea wpcf7-validates-as-required\" aria-required=\"true\" aria-invalid=\"false\" placeholder=\"Mensaje\" name=\"your-message\"><\/textarea><\/span> <\/label>\n<\/p>\n<p><input class=\"wpcf7-form-control has-spinner wpcf7-submit\" type=\"submit\" value=\"COTICE CON NOSOTROS\" \/>\n<\/p><p style=\"display: none !important;\"><label>&#916;<textarea name=\"_wpcf7_ak_hp_textarea\" cols=\"45\" rows=\"8\" maxlength=\"100\"><\/textarea><\/label><input type=\"hidden\" id=\"ak_js_1\" name=\"_wpcf7_ak_js\" value=\"51\"\/><script>document.getElementById( \"ak_js_1\" ).setAttribute( \"value\", ( new Date() ).getTime() );<\/script><\/p><div class=\"wpcf7-response-output\" aria-hidden=\"true\"><\/div>\n<\/form>\n<\/div>\n<\/div><\/div><\/div><\/div><\/div><\/div><\/div><\/div><\/div><\/section><section class=\"l-section wpb_row us_custom_d3494044 height_custom\"><div class=\"l-section-h i-cf\"><div class=\"g-cols vc_row via_flex valign_top type_default stacking_default\"><div class=\"vc_col-sm-12 wpb_column vc_column_container\"><div class=\"vc_column-inner\"><div class=\"wpb_wrapper\"><h1 class=\"w-text us_custom_1bcd54a0 has_text_color\"><span class=\"w-text-h\"><span class=\"w-text-value\">Pasos a Seguir<\/span><\/span><\/h1><div class=\"w-separator size_custom\" style=\"height:2rem\"><\/div><div class=\"w-text us_custom_4d196bc9\"><span class=\"w-text-h\"><span class=\"w-text-value\">Para registrar una clase adicional, solo debe seguir los siguientes pasos.<\/span><\/span><\/div><div class=\"w-separator size_custom\" style=\"height:10px\"><\/div><div class=\"w-text us_custom_4d196bc9\"><span class=\"w-text-h\"><span class=\"w-text-value\">No es necesario salir de casa!<\/span><\/span><\/div><div class=\"w-separator size_custom\" style=\"height:3rem\"><\/div><div class=\"g-cols wpb_row us_custom_91e11ea4 via_flex valign_top type_default stacking_default\"><div class=\"vc_col-sm-6 wpb_column vc_column_container\"><div class=\"vc_column-inner\"><div class=\"wpb_wrapper\"><div class=\"w-vwrapper us_custom_8f4bdcf8 align_none valign_top\"><div class=\"w-image align_center\"><a href=\"https:\/\/admk.cl\/wp-content\/uploads\/2023\/04\/1-copia-1256x707-1.png\" ref=\"magnificPopup\" aria-label=\"Enlace\" class=\"w-image-h\"><img width=\"1256\" height=\"707\" src=\"https:\/\/admk.cl\/wp-content\/uploads\/2023\/04\/1-copia-1256x707-1.png\" class=\"attachment-full size-full\" alt=\"\" decoding=\"async\" loading=\"lazy\" srcset=\"https:\/\/admk.cl\/wp-content\/uploads\/2023\/04\/1-copia-1256x707-1.png 1256w, https:\/\/admk.cl\/wp-content\/uploads\/2023\/04\/1-copia-1256x707-1-300x169.png 300w, https:\/\/admk.cl\/wp-content\/uploads\/2023\/04\/1-copia-1256x707-1-1024x576.png 1024w, https:\/\/admk.cl\/wp-content\/uploads\/2023\/04\/1-copia-1256x707-1-512x288.png 512w, https:\/\/admk.cl\/wp-content\/uploads\/2023\/04\/1-copia-1256x707-1-600x338.png 600w\" sizes=\"(max-width: 1256px) 100vw, 1256px\" \/><\/a><\/div><h5 class=\"w-text us_custom_00093bab has_text_color\"><span class=\"w-text-h\"><span class=\"w-text-value\">1: Cotizar servicio con ADMK<\/span><\/span><\/h5><div class=\"w-text us_custom_881951ba\"><span class=\"w-text-h\"><span class=\"w-text-value\">Cont\u00e1ctenos para saber cual es su necesidad en especifico.<\/span><\/span><\/div><\/div><\/div><\/div><\/div><div class=\"vc_col-sm-6 wpb_column vc_column_container\"><div class=\"vc_column-inner\"><div class=\"wpb_wrapper\"><div class=\"w-vwrapper us_custom_8f4bdcf8 align_none valign_top\"><div class=\"w-image align_center\"><a href=\"https:\/\/admk.cl\/wp-content\/uploads\/2023\/04\/paso-2-1256x707-1.png\" ref=\"magnificPopup\" aria-label=\"Enlace\" class=\"w-image-h\"><img width=\"1256\" height=\"707\" src=\"https:\/\/admk.cl\/wp-content\/uploads\/2023\/04\/paso-2-1256x707-1.png\" class=\"attachment-full size-full\" alt=\"\" decoding=\"async\" loading=\"lazy\" srcset=\"https:\/\/admk.cl\/wp-content\/uploads\/2023\/04\/paso-2-1256x707-1.png 1256w, https:\/\/admk.cl\/wp-content\/uploads\/2023\/04\/paso-2-1256x707-1-300x169.png 300w, https:\/\/admk.cl\/wp-content\/uploads\/2023\/04\/paso-2-1256x707-1-1024x576.png 1024w, https:\/\/admk.cl\/wp-content\/uploads\/2023\/04\/paso-2-1256x707-1-512x288.png 512w, https:\/\/admk.cl\/wp-content\/uploads\/2023\/04\/paso-2-1256x707-1-600x338.png 600w\" sizes=\"(max-width: 1256px) 100vw, 1256px\" \/><\/a><\/div><h5 class=\"w-text us_custom_00093bab has_text_color\"><span class=\"w-text-h\"><span class=\"w-text-value\">2: Evaluar factibilidad y clases en las que registrar<\/span><\/span><\/h5><div class=\"w-text us_custom_881951ba\"><span class=\"w-text-h\"><span class=\"w-text-value\">Entregaremos nuestra opini\u00f3n acerca de las clases en las que es posible registrar su marca y actuaremos seg\u00fan sus instrucciones.<\/span><\/span><\/div><\/div><\/div><\/div><\/div><\/div><div class=\"g-cols wpb_row us_custom_92b2762d via_flex valign_top type_default stacking_default\"><div class=\"vc_col-sm-6 wpb_column vc_column_container\"><div class=\"vc_column-inner\"><div class=\"wpb_wrapper\"><div class=\"w-vwrapper us_custom_8f4bdcf8 align_none valign_top\"><div class=\"w-image align_center\"><a href=\"https:\/\/admk.cl\/wp-content\/uploads\/2023\/04\/paso-3-1256x707-1.png\" ref=\"magnificPopup\" aria-label=\"Enlace\" class=\"w-image-h\"><img width=\"1256\" height=\"707\" src=\"https:\/\/admk.cl\/wp-content\/uploads\/2023\/04\/paso-3-1256x707-1.png\" class=\"attachment-full size-full\" alt=\"\" decoding=\"async\" loading=\"lazy\" srcset=\"https:\/\/admk.cl\/wp-content\/uploads\/2023\/04\/paso-3-1256x707-1.png 1256w, https:\/\/admk.cl\/wp-content\/uploads\/2023\/04\/paso-3-1256x707-1-300x169.png 300w, https:\/\/admk.cl\/wp-content\/uploads\/2023\/04\/paso-3-1256x707-1-1024x576.png 1024w, https:\/\/admk.cl\/wp-content\/uploads\/2023\/04\/paso-3-1256x707-1-512x288.png 512w, https:\/\/admk.cl\/wp-content\/uploads\/2023\/04\/paso-3-1256x707-1-600x338.png 600w\" sizes=\"(max-width: 1256px) 100vw, 1256px\" \/><\/a><\/div><h5 class=\"w-text us_custom_00093bab has_text_color\"><span class=\"w-text-h\"><span class=\"w-text-value\">3: Creaci\u00f3n de poder legal<\/span><\/span><\/h5><div class=\"w-text us_custom_881951ba\"><span class=\"w-text-h\"><span class=\"w-text-value\">Tan pronto como usted haya aceptado nuestra cotizaci\u00f3n, enviaremos el poder legal para su firma electr\u00f3nica.<\/span><\/span><\/div><\/div><\/div><\/div><\/div><div class=\"vc_col-sm-6 wpb_column vc_column_container\"><div class=\"vc_column-inner\"><div class=\"wpb_wrapper\"><div class=\"w-vwrapper us_custom_8f4bdcf8 align_none valign_top\"><div class=\"w-image align_center\"><a href=\"https:\/\/admk.cl\/wp-content\/uploads\/2023\/04\/paso-6-1256x707-1.png\" ref=\"magnificPopup\" aria-label=\"Enlace\" class=\"w-image-h\"><img width=\"1256\" height=\"707\" src=\"https:\/\/admk.cl\/wp-content\/uploads\/2023\/04\/paso-6-1256x707-1.png\" class=\"attachment-full size-full\" alt=\"\" decoding=\"async\" loading=\"lazy\" \/><\/a><\/div><h5 class=\"w-text us_custom_00093bab has_text_color\"><span class=\"w-text-h\"><span class=\"w-text-value\">4: Creaci\u00f3n de solicitud en INAPI<\/span><\/span><\/h5><div class=\"w-text us_custom_881951ba\"><span class=\"w-text-h\"><span class=\"w-text-value\">Una vez hayamos recibido el poder, presentaremos lo antes posible la solicitud en INAPI para que se analicen las nuevas clases para su marca.<\/span><\/span><\/div><\/div><\/div><\/div><\/div><\/div><div class=\"g-cols wpb_row us_custom_92b2762d via_flex valign_top type_default stacking_default\"><div class=\"vc_col-sm-6 wpb_column vc_column_container\"><div class=\"vc_column-inner\"><div class=\"wpb_wrapper\"><div class=\"w-vwrapper us_custom_8f4bdcf8 align_none valign_top\"><div class=\"w-image align_center\"><a href=\"https:\/\/admk.cl\/wp-content\/uploads\/2023\/04\/paso-4-1256x707-1.png\" ref=\"magnificPopup\" aria-label=\"Enlace\" class=\"w-image-h\"><img width=\"1256\" height=\"707\" src=\"https:\/\/admk.cl\/wp-content\/uploads\/2023\/04\/paso-4-1256x707-1.png\" class=\"attachment-full size-full\" alt=\"\" decoding=\"async\" loading=\"lazy\" \/><\/a><\/div><h5 class=\"w-text us_custom_00093bab has_text_color\"><span class=\"w-text-h\"><span class=\"w-text-value\">5: Seguimiento<\/span><\/span><\/h5><div class=\"w-text us_custom_881951ba\"><span class=\"w-text-h\"><span class=\"w-text-value\">Daremos seguimiento a su solicitud por mientras es tramitada por INAPI y responderemos cualquier duda que tenga.<\/span><\/span><\/div><\/div><\/div><\/div><\/div><div class=\"vc_col-sm-6 wpb_column vc_column_container\"><div class=\"vc_column-inner\"><div class=\"wpb_wrapper\"><div class=\"w-vwrapper us_custom_8f4bdcf8 align_none valign_top\"><div class=\"w-image align_center\"><a href=\"https:\/\/admk.cl\/wp-content\/uploads\/2023\/04\/paso-5-1256x707-1.png\" ref=\"magnificPopup\" aria-label=\"Enlace\" class=\"w-image-h\"><img width=\"1256\" height=\"707\" src=\"https:\/\/admk.cl\/wp-content\/uploads\/2023\/04\/paso-5-1256x707-1.png\" class=\"attachment-full size-full\" alt=\"\" decoding=\"async\" loading=\"lazy\" srcset=\"https:\/\/admk.cl\/wp-content\/uploads\/2023\/04\/paso-5-1256x707-1.png 1256w, https:\/\/admk.cl\/wp-content\/uploads\/2023\/04\/paso-5-1256x707-1-300x169.png 300w, https:\/\/admk.cl\/wp-content\/uploads\/2023\/04\/paso-5-1256x707-1-1024x576.png 1024w, https:\/\/admk.cl\/wp-content\/uploads\/2023\/04\/paso-5-1256x707-1-512x288.png 512w, https:\/\/admk.cl\/wp-content\/uploads\/2023\/04\/paso-5-1256x707-1-600x338.png 600w\" sizes=\"(max-width: 1256px) 100vw, 1256px\" \/><\/a><\/div><h5 class=\"w-text us_custom_ee337656 has_text_color\"><span class=\"w-text-h\"><span class=\"w-text-value\">6: Entrega de certificados<\/span><\/span><\/h5><div class=\"w-text us_custom_368e6cad\"><span class=\"w-text-h\"><span class=\"w-text-value\">Una vez la solicitud haya sido aprobada, enviaremos el certificado por correo electr\u00f3nico. Tambi\u00e9n lo puede solicitar en f\u00edsico.<\/span><\/span><\/div><\/div><\/div><\/div><\/div><\/div><\/div><\/div><\/div><\/div><\/div><\/section><section class=\"l-section wpb_row height_custom with_video\"><style>@media(max-width:600px){#us_bg_video_i91d{display:none!important}}<\/style><div class=\"l-section-video\" id=\"us_bg_video_i91d\"><video muted loop autoplay playsinline preload=\"auto\"><source type=\"video\/mp4\" src=\"\/wp-content\/uploads\/2023\/04\/y2mate.com-Mobirise-AgencyM4-background-video-4_360p.mp4\" \/><\/video><\/div><div class=\"l-section-overlay\" style=\"background:rgba(10,53,114,0.69)\"><\/div><div class=\"l-section-h i-cf\"><div class=\"g-cols vc_row via_flex valign_top type_default stacking_default\"><div class=\"vc_col-sm-12 wpb_column vc_column_container\"><div class=\"vc_column-inner\"><div class=\"wpb_wrapper\"><h1 class=\"w-text us_custom_c8a43282 has_text_color\"><span class=\"w-text-h\"><span class=\"w-text-value\">\u00a1No espere m\u00e1s!<\/span><\/span><\/h1><h1 class=\"w-text us_custom_c8a43282 has_text_color\"><span class=\"w-text-h\"><span class=\"w-text-value\">Cont\u00e1ctenos ahora para<\/span><\/span><\/h1><h1 class=\"w-text us_custom_c8a43282 has_text_color\"><span class=\"w-text-h\"><span class=\"w-text-value\">poder trabajar con usted<\/span><\/span><\/h1><\/div><\/div><\/div><\/div><\/div><\/section><section class=\"l-section wpb_row us_custom_8591a7b2 height_custom with_img parallax_ver parallaxdir_reversed\"><div class=\"l-section-img\" style=\"background-image: url(https:\/\/admk.cl\/wp-content\/uploads\/2023\/04\/mbr-1920x1081-1.jpg);background-repeat: no-repeat;\" data-img-width=\"1920\" data-img-height=\"1081\"><\/div><div class=\"l-section-h i-cf\"><div class=\"g-cols vc_row via_flex valign_top type_default stacking_default\"><div class=\"vc_col-sm-1 wpb_column vc_column_container\"><div class=\"vc_column-inner\"><div class=\"wpb_wrapper\"><\/div><\/div><\/div><div class=\"vc_col-sm-10 wpb_column vc_column_container\"><div class=\"vc_column-inner\"><div class=\"wpb_wrapper\"><div class=\"g-cols wpb_row us_custom_4fb9e5a3 mi-contcact-page via_flex valign_top type_default stacking_default\"><div class=\"vc_col-sm-6 wpb_column vc_column_container mi-form\"><div class=\"vc_column-inner us_custom_8d032b96\"><div class=\"wpb_wrapper\"><h1 class=\"w-text us_custom_ba205bf8\"><span class=\"w-text-h\"><span class=\"w-text-value\">Cont\u00e1ctenos<\/span><\/span><\/h1>\n<div class=\"wpcf7 no-js\" id=\"wpcf7-f8862-o2\" lang=\"es-ES\" dir=\"ltr\">\n<div class=\"screen-reader-response\"><p role=\"status\" aria-live=\"polite\" aria-atomic=\"true\"><\/p> <ul><\/ul><\/div>\n<form action=\"\/index.php\/wp-json\/wp\/v2\/pages\/8841#wpcf7-f8862-o2\" method=\"post\" class=\"wpcf7-form init\" aria-label=\"Formulario de contacto\" novalidate=\"novalidate\" data-status=\"init\">\n<div style=\"display: none;\">\n<input type=\"hidden\" name=\"_wpcf7\" value=\"8862\" \/>\n<input type=\"hidden\" name=\"_wpcf7_version\" value=\"5.7.7\" \/>\n<input type=\"hidden\" name=\"_wpcf7_locale\" value=\"es_ES\" \/>\n<input type=\"hidden\" name=\"_wpcf7_unit_tag\" value=\"wpcf7-f8862-o2\" \/>\n<input type=\"hidden\" name=\"_wpcf7_container_post\" value=\"0\" \/>\n<input type=\"hidden\" name=\"_wpcf7_posted_data_hash\" value=\"\" \/>\n<input type=\"hidden\" name=\"_wpcf7_recaptcha_response\" value=\"\" \/>\n<\/div>\n<p><label><br \/>\n<span class=\"wpcf7-form-control-wrap\" data-name=\"your-name\"><textarea cols=\"40\" rows=\"10\" class=\"wpcf7-form-control wpcf7-textarea wpcf7-validates-as-required\" aria-required=\"true\" aria-invalid=\"false\" placeholder=\"Nombre\" name=\"your-name\"><\/textarea><\/span> <\/label>\n<\/p>\n<p><label><br \/>\n<span class=\"wpcf7-form-control-wrap\" data-name=\"your-email\"><input size=\"40\" class=\"wpcf7-form-control wpcf7-text wpcf7-email wpcf7-validates-as-required wpcf7-validates-as-email\" aria-required=\"true\" aria-invalid=\"false\" placeholder=\"Email\" value=\"\" type=\"email\" name=\"your-email\" \/><\/span> <\/label>\n<\/p>\n<p><label><br \/>\n<span class=\"wpcf7-form-control-wrap\" data-name=\"your-tel\"><textarea cols=\"40\" rows=\"10\" class=\"wpcf7-form-control wpcf7-textarea wpcf7-validates-as-required\" aria-required=\"true\" aria-invalid=\"false\" placeholder=\"Tel\u00e9fono\" name=\"your-tel\"><\/textarea><\/span> <\/label>\n<\/p>\n<p><label><br \/>\n<span class=\"wpcf7-form-control-wrap\" data-name=\"your-message\"><textarea cols=\"40\" rows=\"10\" class=\"wpcf7-form-control wpcf7-textarea wpcf7-validates-as-required\" aria-required=\"true\" aria-invalid=\"false\" placeholder=\"Mensaje\" name=\"your-message\"><\/textarea><\/span> <\/label>\n<\/p>\n<p><input class=\"wpcf7-form-control has-spinner wpcf7-submit\" type=\"submit\" value=\"COTICE CON NOSOTROS\" \/>\n<\/p><p style=\"display: none !important;\"><label>&#916;<textarea name=\"_wpcf7_ak_hp_textarea\" cols=\"45\" rows=\"8\" maxlength=\"100\"><\/textarea><\/label><input type=\"hidden\" id=\"ak_js_2\" name=\"_wpcf7_ak_js\" value=\"85\"\/><script>document.getElementById( \"ak_js_2\" ).setAttribute( \"value\", ( new Date() ).getTime() );<\/script><\/p><div class=\"wpcf7-response-output\" aria-hidden=\"true\"><\/div>\n<\/form>\n<\/div>\n<\/div><\/div><\/div><div class=\"vc_col-sm-6 wpb_column vc_column_container\"><div class=\"vc_column-inner us_custom_b037f512\"><div class=\"wpb_wrapper\"><div class=\"w-vwrapper us_custom_e47d7875 mi-envoltura-contact align_none valign_top\"><div class=\"w-text us_custom_492f024f has_text_color icon_atleft\"><span class=\"w-text-h\"><i class=\"fas fa-star-christmas\"><\/i><span class=\"w-text-value\">Obtenga su certificado de forma eficaz y r\u00e1pida<\/span><\/span><\/div><div class=\"w-text us_custom_26910de7 has_text_color icon_atleft\"><span class=\"w-text-h\"><i class=\"fas fa-star-christmas\"><\/i><span class=\"w-text-value\">Atenci\u00f3n personalizada<\/span><\/span><\/div><div class=\"w-image align_center\"><a href=\"https:\/\/admk.cl\/wp-content\/uploads\/2023\/04\/mbr-1320x795-1.jpg\" ref=\"magnificPopup\" aria-label=\"Enlace\" class=\"w-image-h\"><img width=\"1056\" height=\"457\" src=\"https:\/\/admk.cl\/wp-content\/uploads\/2023\/04\/mbr-1320x795-1.jpg\" class=\"attachment-full size-full\" alt=\"\" decoding=\"async\" loading=\"lazy\" srcset=\"https:\/\/admk.cl\/wp-content\/uploads\/2023\/04\/mbr-1320x795-1.jpg 1056w, https:\/\/admk.cl\/wp-content\/uploads\/2023\/04\/mbr-1320x795-1-300x130.jpg 300w, https:\/\/admk.cl\/wp-content\/uploads\/2023\/04\/mbr-1320x795-1-1024x443.jpg 1024w, https:\/\/admk.cl\/wp-content\/uploads\/2023\/04\/mbr-1320x795-1-512x222.jpg 512w, https:\/\/admk.cl\/wp-content\/uploads\/2023\/04\/mbr-1320x795-1-600x260.jpg 600w\" sizes=\"(max-width: 1056px) 100vw, 1056px\" \/><\/a><\/div><\/div><\/div><\/div><\/div><\/div><div class=\"g-cols wpb_row via_flex valign_top type_default stacking_default\"><div class=\"vc_col-sm-12 wpb_column vc_column_container\"><div class=\"vc_column-inner\"><div class=\"wpb_wrapper\"><div class=\"w-separator size_large\"><\/div><div class=\"wpb_text_column\"><div class=\"wpb_wrapper\"><div id=\"divtags\">\n<h1>Registro de marca en Chile: requisitos y procedimientos<\/h1>\n<h1>Gu\u00eda completa para registrar una marca en Chile<\/h1>\n<h1>Protege tu marca en Chile: proceso de registro y beneficios<\/h1>\n<h1>Pasos para el registro exitoso de una marca en Chile<\/h1>\n<h1>Registro de marca en Chile: importancia y ventajas<\/h1>\n<h1>Aspectos legales a considerar al registrar una marca en Chile<\/h1>\n<h1>Registro de marca en Chile: tr\u00e1mites y plazos<\/h1>\n<h1>Proceso de registro de marca en Chile: consejos y recomendaciones<\/h1>\n<h1>Requisitos para registrar una marca en Chile<\/h1>\n<h1>Marca registrada en Chile: protege tu propiedad intelectual<\/h1>\n<h1>Registro de marca en Chile: costos y tarifas<\/h1>\n<h1>Registro de marca en Chile: asesor\u00eda especializada y profesionales en propiedad intelectual<\/h1>\n<h1>Registro de marca en Chile: documentaci\u00f3n necesaria<\/h1>\n<h1>Pasos para la renovaci\u00f3n de una marca registrada en Chile<\/h1>\n<h1>Registro de marca en Chile: preguntas frecuentes y respuestas<\/h1>\n<h1>Registro de marca en Chile: derechos y obligaciones<\/h1>\n<h1>Registro de marca en Chile: garantizando la protecci\u00f3n de tu identidad comercial<\/h1>\n<\/div>\n<\/div><\/div><\/div><\/div><\/div><\/div><\/div><\/div><\/div><div class=\"vc_col-sm-1 wpb_column vc_column_container\"><div class=\"vc_column-inner\"><div class=\"wpb_wrapper\"><\/div><\/div><\/div><\/div><\/div><\/section>\n","protected":false},"excerpt":{"rendered":"Clase Adicional Ampliar Marca Existente \u00bfDesea ampliar a m\u00e1s clases una marca ya existente?Nosotros entregamos el servicio para tramitar de la forma m\u00e1s r\u00e1pida y eficiente posible la ampliaci\u00f3n de su marca comercial Seguridad y EfectividadRapidez y eficiencia &#916; Pasos a SeguirPara registrar una clase adicional, solo debe seguir los siguientes pasos.No es necesario salir...","protected":false},"author":1,"featured_media":0,"parent":0,"menu_order":0,"comment_status":"closed","ping_status":"closed","template":"","meta":{"footnotes":""},"acf":[],"_links":{"self":[{"href":"https:\/\/admk.cl\/index.php\/wp-json\/wp\/v2\/pages\/8841"}],"collection":[{"href":"https:\/\/admk.cl\/index.php\/wp-json\/wp\/v2\/pages"}],"about":[{"href":"https:\/\/admk.cl\/index.php\/wp-json\/wp\/v2\/types\/page"}],"author":[{"embeddable":true,"href":"https:\/\/admk.cl\/index.php\/wp-json\/wp\/v2\/users\/1"}],"replies":[{"embeddable":true,"href":"https:\/\/admk.cl\/index.php\/wp-json\/wp\/v2\/comments?post=8841"}],"version-history":[{"count":61,"href":"https:\/\/admk.cl\/index.php\/wp-json\/wp\/v2\/pages\/8841\/revisions"}],"predecessor-version":[{"id":9583,"href":"https:\/\/admk.cl\/index.php\/wp-json\/wp\/v2\/pages\/8841\/revisions\/9583"}],"wp:attachment":[{"href":"https:\/\/admk.cl\/index.php\/wp-json\/wp\/v2\/media?parent=8841"}],"curies":[{"name":"wp","href":"https:\/\/api.w.org\/{rel}","templated":true}]}}