{"id":9017,"date":"2023-06-05T21:22:39","date_gmt":"2023-06-05T21:22:39","guid":{"rendered":"https:\/\/admk.srtv.cl\/?page_id=9017"},"modified":"2023-06-14T14:14:00","modified_gmt":"2023-06-14T14:14:00","slug":"traspaso-de-marcas","status":"publish","type":"page","link":"https:\/\/admk.cl\/index.php\/traspaso-de-marcas\/","title":{"rendered":"Traspaso de marcas"},"content":{"rendered":"<section class=\"l-section wpb_row us_custom_e11ab399 secc-1 traspaso-de-marcas height_custom\"><div class=\"l-section-h i-cf\"><div class=\"g-cols vc_row via_flex valign_top type_default stacking_default\"><div class=\"vc_col-sm-12 wpb_column vc_column_container\"><div class=\"vc_column-inner\"><div class=\"wpb_wrapper\"><div class=\"g-cols wpb_row via_flex valign_top type_default stacking_default\"><div class=\"vc_col-sm-6 wpb_column vc_column_container\"><div class=\"vc_column-inner\"><div class=\"wpb_wrapper\"><div class=\"w-hwrapper align_none valign_top\"><div class=\"wpb_text_column us_custom_7f753c02 has_text_color\"><div class=\"wpb_wrapper\"><p>Clase Adicional<br \/>\nAmpliar Marca Existente<\/p>\n<\/div><\/div><\/div><\/div><\/div><\/div><div class=\"vc_col-sm-6 wpb_column vc_column_container\"><div class=\"vc_column-inner us_custom_f03ee871\"><div class=\"wpb_wrapper\"><\/div><\/div><\/div><\/div><div class=\"g-cols wpb_row us_custom_f37aca33 via_flex valign_top type_default stacking_default\"><div class=\"vc_col-sm-6 wpb_column vc_column_container\"><div class=\"vc_column-inner\"><div class=\"wpb_wrapper\"><\/div><\/div><\/div><div class=\"vc_col-sm-6 wpb_column vc_column_container mi-form\"><div class=\"vc_column-inner\"><div class=\"wpb_wrapper\"><h1 class=\"w-text us_custom_d9703a8e has_text_color\"><span class=\"w-text-h\"><span class=\"w-text-value\">\u00bfDesea traspasar o vender su marca?<\/span><\/span><\/h1><div class=\"wpb_text_column us_custom_6df4bc3a has_text_color\"><div class=\"wpb_wrapper\"><p>Las marcas se consideran propiedad y son susceptibles de ser transmitidas por su propietario a cualquier tercero, sea este personal natural o jur\u00eddica.<\/p>\n<p>Pueden cederse a trav\u00e9s de donaci\u00f3n (Ceder la marca gratuitamente a un tercero) o a trav\u00e9s de compraventa.<\/p>\n<\/div><\/div><div class=\"w-separator size_small\"><\/div><div class=\"w-text us_custom_6df4bc3a has_text_color icon_atleft\"><span class=\"w-text-h\"><i class=\"fas fa-shield-check\"><\/i><span class=\"w-text-value\">Seguridad y Efectividad<\/span><\/span><\/div><div class=\"w-separator size_custom\" style=\"height:10px\"><\/div><div class=\"w-text us_custom_6df4bc3a has_text_color icon_atleft\"><span class=\"w-text-h\"><i class=\"fas fa-lightbulb-on\"><\/i><span class=\"w-text-value\">Rapidez y eficiencia<\/span><\/span><\/div>\n<div class=\"wpcf7 no-js\" id=\"wpcf7-f8862-o1\" lang=\"es-ES\" dir=\"ltr\">\n<div class=\"screen-reader-response\"><p role=\"status\" aria-live=\"polite\" aria-atomic=\"true\"><\/p> <ul><\/ul><\/div>\n<form action=\"\/index.php\/wp-json\/wp\/v2\/pages\/9017#wpcf7-f8862-o1\" method=\"post\" class=\"wpcf7-form init\" aria-label=\"Formulario de contacto\" novalidate=\"novalidate\" data-status=\"init\">\n<div style=\"display: none;\">\n<input type=\"hidden\" name=\"_wpcf7\" value=\"8862\" \/>\n<input type=\"hidden\" name=\"_wpcf7_version\" value=\"5.7.7\" \/>\n<input type=\"hidden\" name=\"_wpcf7_locale\" value=\"es_ES\" \/>\n<input type=\"hidden\" name=\"_wpcf7_unit_tag\" value=\"wpcf7-f8862-o1\" \/>\n<input type=\"hidden\" name=\"_wpcf7_container_post\" value=\"0\" \/>\n<input type=\"hidden\" name=\"_wpcf7_posted_data_hash\" value=\"\" \/>\n<input type=\"hidden\" name=\"_wpcf7_recaptcha_response\" value=\"\" \/>\n<\/div>\n<p><label><br \/>\n<span class=\"wpcf7-form-control-wrap\" data-name=\"your-name\"><textarea cols=\"40\" rows=\"10\" class=\"wpcf7-form-control wpcf7-textarea wpcf7-validates-as-required\" aria-required=\"true\" aria-invalid=\"false\" placeholder=\"Nombre\" name=\"your-name\"><\/textarea><\/span> <\/label>\n<\/p>\n<p><label><br \/>\n<span class=\"wpcf7-form-control-wrap\" data-name=\"your-email\"><input size=\"40\" class=\"wpcf7-form-control wpcf7-text wpcf7-email wpcf7-validates-as-required wpcf7-validates-as-email\" aria-required=\"true\" aria-invalid=\"false\" placeholder=\"Email\" value=\"\" type=\"email\" name=\"your-email\" \/><\/span> <\/label>\n<\/p>\n<p><label><br \/>\n<span class=\"wpcf7-form-control-wrap\" data-name=\"your-tel\"><textarea cols=\"40\" rows=\"10\" class=\"wpcf7-form-control wpcf7-textarea wpcf7-validates-as-required\" aria-required=\"true\" aria-invalid=\"false\" placeholder=\"Tel\u00e9fono\" name=\"your-tel\"><\/textarea><\/span> <\/label>\n<\/p>\n<p><label><br \/>\n<span class=\"wpcf7-form-control-wrap\" data-name=\"your-message\"><textarea cols=\"40\" rows=\"10\" class=\"wpcf7-form-control wpcf7-textarea wpcf7-validates-as-required\" aria-required=\"true\" aria-invalid=\"false\" placeholder=\"Mensaje\" name=\"your-message\"><\/textarea><\/span> <\/label>\n<\/p>\n<p><input class=\"wpcf7-form-control has-spinner wpcf7-submit\" type=\"submit\" value=\"COTICE CON NOSOTROS\" \/>\n<\/p><p style=\"display: none !important;\"><label>&#916;<textarea name=\"_wpcf7_ak_hp_textarea\" cols=\"45\" rows=\"8\" maxlength=\"100\"><\/textarea><\/label><input type=\"hidden\" id=\"ak_js_1\" name=\"_wpcf7_ak_js\" value=\"127\"\/><script>document.getElementById( \"ak_js_1\" ).setAttribute( \"value\", ( new Date() ).getTime() );<\/script><\/p><div class=\"wpcf7-response-output\" aria-hidden=\"true\"><\/div>\n<\/form>\n<\/div>\n<\/div><\/div><\/div><\/div><\/div><\/div><\/div><\/div><\/div><\/section><section class=\"l-section wpb_row us_custom_b10b33e3 height_custom\"><div class=\"l-section-h i-cf\"><div class=\"g-cols vc_row via_flex valign_top type_default stacking_default\"><div class=\"vc_col-sm-6 wpb_column vc_column_container\"><div class=\"vc_column-inner\"><div class=\"wpb_wrapper\"><div class=\"wpb_text_column us_custom_342ac626 transpasar-marcar has_text_color\"><div class=\"wpb_wrapper\"><p>Requisitos para traspasar su<\/p>\n<div id=\"gtx-trans\" style=\"position: absolute; left: 227px; top: 7.46875px;\">\n<div class=\"gtx-trans-icon\"><\/div>\n<\/div>\n<\/div><\/div><div class=\"wpb_text_column us_custom_28a3a30a transpasar-marcar has_text_color\"><div class=\"wpb_wrapper\"><p>marca<\/p>\n<\/div><\/div><div class=\"wpb_text_column us_custom_98074e7c has_text_color\"><div class=\"wpb_wrapper\"><p>Para traspasar o vender su marca debe seguir los siguientes requisitos.<\/p>\n<div id=\"gtx-trans\" style=\"position: absolute; left: -30px; top: -16.5156px;\">\n<div class=\"gtx-trans-icon\"><\/div>\n<\/div>\n<\/div><\/div><\/div><\/div><\/div><div class=\"vc_col-sm-6 wpb_column vc_column_container\"><div class=\"vc_column-inner\"><div class=\"wpb_wrapper\"><div class=\"w-iconbox cid-tGdWUdFfKx icon-box iconpos_left style_circle color_secondary align_left no_title\"><div class=\"w-iconbox-icon\" style=\"font-size:40px;\"><i class=\"fas fa-clipboard\"><\/i><\/div><div class=\"w-iconbox-meta\"><div class=\"w-iconbox-text\"><h4 style=\"word-break: break-word; word-wrap: break-word; font-weight: 600; font-family: 'Red Hat Display', sans-serif; font-size: 1.3rem; color: white; line-height: 1.5;\">Su marca debe estar registrada en el INAPI<\/h4>\n<h5 style=\"font-family: 'Red Hat Display', sans-serif; font-size: 1.1rem; line-height: 1.5; color: white; font-weight: 400;\">La marca se protege registr\u00e1ndola en la oficina estatal correspondiente, que en el caso de Chile es el INAPI.<\/h5>\n<\/div><\/div><\/div><div class=\"w-separator size_small\"><\/div><div class=\"w-iconbox cid-tGdWUdFfKx icon-box iconpos_left style_circle color_secondary align_left no_title\"><div class=\"w-iconbox-icon\" style=\"font-size:40px;\"><i class=\"far fa-user-circle\"><\/i><\/div><div class=\"w-iconbox-meta\"><div class=\"w-iconbox-text\"><h4 style=\"word-break: break-word; word-wrap: break-word; font-weight: 600; font-family: 'Red Hat Display', sans-serif; font-size: 1.3rem; color: white; line-height: 1.5;\">Quien cede la marca debe ser el propietario o representante legal de la misma<\/h4>\n<h5 style=\"font-family: 'Red Hat Display', sans-serif; font-size: 1.1rem; line-height: 1.5; color: white; font-weight: 400;\">S\u00f3lo el propietario puede hacer el traspaso o venta de la marca registrada.<\/h5>\n<\/div><\/div><\/div><\/div><\/div><\/div><\/div><\/div><\/section><section class=\"l-section wpb_row us_custom_d3494044 height_custom\"><div class=\"l-section-h i-cf\"><div class=\"g-cols vc_row via_flex valign_top type_default stacking_default\"><div class=\"vc_col-sm-12 wpb_column vc_column_container\"><div class=\"vc_column-inner\"><div class=\"wpb_wrapper\"><h1 class=\"w-text us_custom_1bcd54a0 has_text_color\"><span class=\"w-text-h\"><span class=\"w-text-value\">Pasos a Seguir<\/span><\/span><\/h1><div class=\"w-separator size_custom\" style=\"height:2rem\"><\/div><div class=\"w-text us_custom_4d196bc9\"><span class=\"w-text-h\"><span class=\"w-text-value\">Para registrar una clase adicional, solo debe seguir los siguientes pasos.<\/span><\/span><\/div><div class=\"w-separator size_custom\" style=\"height:10px\"><\/div><div class=\"w-text us_custom_4d196bc9\"><span class=\"w-text-h\"><span class=\"w-text-value\">No es necesario salir de casa!<\/span><\/span><\/div><div class=\"w-separator size_custom\" style=\"height:3rem\"><\/div><div class=\"g-cols wpb_row us_custom_91e11ea4 via_flex valign_top type_default stacking_default\"><div class=\"vc_col-sm-6 wpb_column vc_column_container\"><div class=\"vc_column-inner\"><div class=\"wpb_wrapper\"><div class=\"w-vwrapper us_custom_8f4bdcf8 align_none valign_top\"><div class=\"w-image align_center\"><a href=\"https:\/\/admk.cl\/wp-content\/uploads\/2023\/06\/1_1-1.png\" ref=\"magnificPopup\" aria-label=\"Enlace\" class=\"w-image-h\"><img width=\"2643\" height=\"3321\" src=\"https:\/\/admk.cl\/wp-content\/uploads\/2023\/06\/1_1-1.png\" class=\"attachment-full size-full\" alt=\"\" decoding=\"async\" loading=\"lazy\" srcset=\"https:\/\/admk.cl\/wp-content\/uploads\/2023\/06\/1_1-1.png 2643w, https:\/\/admk.cl\/wp-content\/uploads\/2023\/06\/1_1-1-239x300.png 239w, https:\/\/admk.cl\/wp-content\/uploads\/2023\/06\/1_1-1-815x1024.png 815w, https:\/\/admk.cl\/wp-content\/uploads\/2023\/06\/1_1-1-407x512.png 407w, https:\/\/admk.cl\/wp-content\/uploads\/2023\/06\/1_1-1-600x754.png 600w\" sizes=\"(max-width: 2643px) 100vw, 2643px\" \/><\/a><\/div><h5 class=\"w-text us_custom_a19dd95c has_text_color\"><span class=\"w-text-h\"><span class=\"w-text-value\">1: Redacci\u00f3n del documento de cesi\u00f3n de la marca<\/span><\/span><\/h5><div class=\"w-text us_custom_881951ba\"><span class=\"w-text-h\"><span class=\"w-text-value\">Ya sea donaci\u00f3n o compraventa. (Seg\u00fan su elecci\u00f3n)<\/span><\/span><\/div><\/div><\/div><\/div><\/div><div class=\"vc_col-sm-6 wpb_column vc_column_container\"><div class=\"vc_column-inner\"><div class=\"wpb_wrapper\"><div class=\"w-vwrapper us_custom_8f4bdcf8 align_none valign_top\"><div class=\"w-image align_center\"><a href=\"https:\/\/admk.cl\/wp-content\/uploads\/2023\/06\/2-1.png\" ref=\"magnificPopup\" aria-label=\"Enlace\" class=\"w-image-h\"><img width=\"2643\" height=\"3321\" src=\"https:\/\/admk.cl\/wp-content\/uploads\/2023\/06\/2-1.png\" class=\"attachment-full size-full\" alt=\"\" decoding=\"async\" loading=\"lazy\" \/><\/a><\/div><h5 class=\"w-text us_custom_a19dd95c has_text_color\"><span class=\"w-text-h\"><span class=\"w-text-value\">2: Entrega del documento a notar\u00eda<\/span><\/span><\/h5><div class=\"w-text us_custom_881951ba\"><span class=\"w-text-h\"><span class=\"w-text-value\">Para que las partes puedan firmar. Puede firmarse electr\u00f3nicamente en caso de que las partes no deseen ir en persona.<\/span><\/span><\/div><\/div><\/div><\/div><\/div><\/div><div class=\"g-cols wpb_row us_custom_92b2762d via_flex valign_top type_default stacking_default\"><div class=\"vc_col-sm-6 wpb_column vc_column_container\"><div class=\"vc_column-inner\"><div class=\"wpb_wrapper\"><div class=\"w-vwrapper us_custom_8f4bdcf8 align_none valign_top\"><div class=\"w-image align_center\"><a href=\"https:\/\/admk.cl\/wp-content\/uploads\/2023\/06\/3.png\" ref=\"magnificPopup\" aria-label=\"Enlace\" class=\"w-image-h\"><img width=\"2643\" height=\"2519\" src=\"https:\/\/admk.cl\/wp-content\/uploads\/2023\/06\/3.png\" class=\"attachment-full size-full\" alt=\"\" decoding=\"async\" loading=\"lazy\" \/><\/a><\/div><h5 class=\"w-text us_custom_8b728bd0 has_text_color\"><span class=\"w-text-h\"><span class=\"w-text-value\">3: Apertura de una solicitud de cesi\u00f3n de marca de INAPI<\/span><\/span><\/h5><div class=\"w-text us_custom_881951ba\"><span class=\"w-text-h\"><span class=\"w-text-value\">Se abre la solicitud de cesi\u00f3n de marca.<\/span><\/span><\/div><\/div><\/div><\/div><\/div><div class=\"vc_col-sm-6 wpb_column vc_column_container\"><div class=\"vc_column-inner\"><div class=\"wpb_wrapper\"><div class=\"w-vwrapper us_custom_8f4bdcf8 align_none valign_top\"><div class=\"w-image align_center\"><a href=\"https:\/\/admk.cl\/wp-content\/uploads\/2023\/06\/4.png\" ref=\"magnificPopup\" aria-label=\"Enlace\" class=\"w-image-h\"><img width=\"2643\" height=\"2519\" src=\"https:\/\/admk.cl\/wp-content\/uploads\/2023\/06\/4.png\" class=\"attachment-full size-full\" alt=\"\" decoding=\"async\" loading=\"lazy\" srcset=\"https:\/\/admk.cl\/wp-content\/uploads\/2023\/06\/4.png 2643w, https:\/\/admk.cl\/wp-content\/uploads\/2023\/06\/4-300x286.png 300w, https:\/\/admk.cl\/wp-content\/uploads\/2023\/06\/4-1024x976.png 1024w, https:\/\/admk.cl\/wp-content\/uploads\/2023\/06\/4-512x488.png 512w, https:\/\/admk.cl\/wp-content\/uploads\/2023\/06\/4-600x572.png 600w\" sizes=\"(max-width: 2643px) 100vw, 2643px\" \/><\/a><\/div><h5 class=\"w-text us_custom_a19dd95c has_text_color\"><span class=\"w-text-h\"><span class=\"w-text-value\">4: Aprobaci\u00f3n de cesi\u00f3n por parte de INAPI<\/span><\/span><\/h5><div class=\"w-text us_custom_881951ba\"><span class=\"w-text-h\"><span class=\"w-text-value\">La solicitud es aprobada por el INAPI.<\/span><\/span><\/div><\/div><\/div><\/div><\/div><\/div><div class=\"g-cols wpb_row us_custom_92b2762d via_flex valign_top type_default stacking_default\"><div class=\"vc_col-sm-12 wpb_column vc_column_container\"><div class=\"vc_column-inner\"><div class=\"wpb_wrapper\"><div class=\"w-vwrapper us_custom_8f4bdcf8 align_none valign_top\"><div class=\"w-image align_center\"><a href=\"https:\/\/admk.cl\/wp-content\/uploads\/2023\/06\/5.png\" ref=\"magnificPopup\" aria-label=\"Enlace\" class=\"w-image-h\"><img width=\"720\" height=\"687\" src=\"https:\/\/admk.cl\/wp-content\/uploads\/2023\/06\/5.png\" class=\"attachment-us_720_720 size-us_720_720\" alt=\"\" decoding=\"async\" loading=\"lazy\" \/><\/a><\/div><h5 class=\"w-text us_custom_f25f9a43 traspaso-marca-txt1 has_text_color\"><span class=\"w-text-h\"><span class=\"w-text-value\">5: Se emite t\u00edtulo y certificado de propiedad actualizado de la marca.<\/span><\/span><\/h5><div class=\"w-text us_custom_f72b6a2e traspaso-marca-txt2\"><span class=\"w-text-h\"><span class=\"w-text-value\">Daremos seguimiento a su solicitud por mientras es tramitada por INAPI y responderemos cualquier duda que tenga.<\/span><\/span><\/div><\/div><\/div><\/div><\/div><\/div><\/div><\/div><\/div><\/div><\/div><\/section><section class=\"l-section wpb_row height_custom with_img parallax_ver\"><div class=\"l-section-img\" style=\"background-image: url(https:\/\/admk.cl\/wp-content\/uploads\/2023\/06\/mbr-1-1920x1280-1.jpg);\" data-img-width=\"1920\" data-img-height=\"1280\"><\/div><div class=\"l-section-overlay\" style=\"background:rgba(10,53,114,0.69)\"><\/div><div class=\"l-section-h i-cf\"><div class=\"g-cols vc_row via_flex valign_top type_default stacking_default\"><div class=\"vc_col-sm-12 wpb_column vc_column_container\"><div class=\"vc_column-inner\"><div class=\"wpb_wrapper\"><h1 class=\"w-text us_custom_c8a43282 has_text_color\"><span class=\"w-text-h\"><span class=\"w-text-value\">\u00bfQu\u00e9 espera? Comience a<\/span><\/span><\/h1><h1 class=\"w-text us_custom_c8a43282 has_text_color\"><span class=\"w-text-h\"><span class=\"w-text-value\">trabajar con ADMK y<\/span><\/span><\/h1><h1 class=\"w-text us_custom_c8a43282 has_text_color\"><span class=\"w-text-h\"><span class=\"w-text-value\">traspase su marca con<\/span><\/span><\/h1><h1 class=\"w-text us_custom_c8a43282 has_text_color\"><span class=\"w-text-h\"><span class=\"w-text-value\">nosotros.<\/span><\/span><\/h1><\/div><\/div><\/div><\/div><\/div><\/section><section class=\"l-section wpb_row us_custom_8591a7b2 height_custom with_img parallax_ver parallaxdir_reversed\"><div class=\"l-section-img\" style=\"background-image: url(https:\/\/admk.cl\/wp-content\/uploads\/2023\/04\/mbr-1920x1081-1.jpg);background-repeat: no-repeat;\" data-img-width=\"1920\" data-img-height=\"1081\"><\/div><div class=\"l-section-h i-cf\"><div class=\"g-cols vc_row via_flex valign_top type_default stacking_default\"><div class=\"vc_col-sm-1 wpb_column vc_column_container\"><div class=\"vc_column-inner\"><div class=\"wpb_wrapper\"><\/div><\/div><\/div><div class=\"vc_col-sm-10 wpb_column vc_column_container\"><div class=\"vc_column-inner\"><div class=\"wpb_wrapper\"><div class=\"g-cols wpb_row us_custom_4fb9e5a3 mi-contcact-page via_flex valign_top type_default stacking_default\"><div class=\"vc_col-sm-6 wpb_column vc_column_container mi-form\"><div class=\"vc_column-inner us_custom_8d032b96\"><div class=\"wpb_wrapper\"><h1 class=\"w-text us_custom_ba205bf8\"><span class=\"w-text-h\"><span class=\"w-text-value\">Cont\u00e1ctenos<\/span><\/span><\/h1>\n<div class=\"wpcf7 no-js\" id=\"wpcf7-f9077-o2\" lang=\"es-ES\" dir=\"ltr\">\n<div class=\"screen-reader-response\"><p role=\"status\" aria-live=\"polite\" aria-atomic=\"true\"><\/p> <ul><\/ul><\/div>\n<form action=\"\/index.php\/wp-json\/wp\/v2\/pages\/9017#wpcf7-f9077-o2\" method=\"post\" class=\"wpcf7-form init\" aria-label=\"Formulario de contacto\" novalidate=\"novalidate\" data-status=\"init\">\n<div style=\"display: none;\">\n<input type=\"hidden\" name=\"_wpcf7\" value=\"9077\" \/>\n<input type=\"hidden\" name=\"_wpcf7_version\" value=\"5.7.7\" \/>\n<input type=\"hidden\" name=\"_wpcf7_locale\" value=\"es_ES\" \/>\n<input type=\"hidden\" name=\"_wpcf7_unit_tag\" value=\"wpcf7-f9077-o2\" \/>\n<input type=\"hidden\" name=\"_wpcf7_container_post\" value=\"0\" \/>\n<input type=\"hidden\" name=\"_wpcf7_posted_data_hash\" value=\"\" \/>\n<input type=\"hidden\" name=\"_wpcf7_recaptcha_response\" value=\"\" \/>\n<\/div>\n<p><label><br \/>\n<span class=\"wpcf7-form-control-wrap\" data-name=\"your-name\"><input size=\"40\" class=\"wpcf7-form-control wpcf7-text wpcf7-validates-as-required\" aria-required=\"true\" aria-invalid=\"false\" placeholder=\"Nombre\" value=\"\" type=\"text\" name=\"your-name\" \/><\/span> <\/label>\n<\/p>\n<p><label><br \/>\n<span class=\"wpcf7-form-control-wrap\" data-name=\"your-email\"><input size=\"40\" class=\"wpcf7-form-control wpcf7-text wpcf7-email wpcf7-validates-as-required wpcf7-validates-as-email\" aria-required=\"true\" aria-invalid=\"false\" placeholder=\"Email\" value=\"\" type=\"email\" name=\"your-email\" \/><\/span> <\/label>\n<\/p>\n<p><label><br \/>\n<span class=\"wpcf7-form-control-wrap\" data-name=\"your-tel\"><input size=\"40\" class=\"wpcf7-form-control wpcf7-text wpcf7-validates-as-required\" aria-required=\"true\" aria-invalid=\"false\" placeholder=\"Tel\u00e9fono\" value=\"\" type=\"text\" name=\"your-tel\" \/><\/span> <\/label>\n<\/p>\n<p><input class=\"wpcf7-form-control has-spinner wpcf7-submit\" type=\"submit\" value=\"ENVIAR FORMULARIO\" \/>\n<\/p><p style=\"display: none !important;\"><label>&#916;<textarea name=\"_wpcf7_ak_hp_textarea\" cols=\"45\" rows=\"8\" maxlength=\"100\"><\/textarea><\/label><input type=\"hidden\" id=\"ak_js_2\" name=\"_wpcf7_ak_js\" value=\"74\"\/><script>document.getElementById( \"ak_js_2\" ).setAttribute( \"value\", ( new Date() ).getTime() );<\/script><\/p><div class=\"wpcf7-response-output\" aria-hidden=\"true\"><\/div>\n<\/form>\n<\/div>\n<\/div><\/div><\/div><div class=\"vc_col-sm-6 wpb_column vc_column_container\"><div class=\"vc_column-inner us_custom_b037f512\"><div class=\"wpb_wrapper\"><div class=\"w-vwrapper us_custom_e47d7875 mi-envoltura-contact align_none valign_top\"><div class=\"w-text us_custom_492f024f has_text_color icon_atleft\"><span class=\"w-text-h\"><i class=\"fas fa-star-christmas\"><\/i><span class=\"w-text-value\">Obtenga su certificado de forma eficaz y r\u00e1pida<\/span><\/span><\/div><div class=\"w-text us_custom_26910de7 has_text_color icon_atleft\"><span class=\"w-text-h\"><i class=\"fas fa-star-christmas\"><\/i><span class=\"w-text-value\">Atenci\u00f3n personalizada<\/span><\/span><\/div><div class=\"w-image align_center\"><a href=\"https:\/\/admk.cl\/wp-content\/uploads\/2023\/04\/mbr-1320x795-1.jpg\" ref=\"magnificPopup\" aria-label=\"Enlace\" class=\"w-image-h\"><img width=\"1056\" height=\"457\" src=\"https:\/\/admk.cl\/wp-content\/uploads\/2023\/04\/mbr-1320x795-1.jpg\" class=\"attachment-full size-full\" alt=\"\" decoding=\"async\" loading=\"lazy\" srcset=\"https:\/\/admk.cl\/wp-content\/uploads\/2023\/04\/mbr-1320x795-1.jpg 1056w, https:\/\/admk.cl\/wp-content\/uploads\/2023\/04\/mbr-1320x795-1-300x130.jpg 300w, https:\/\/admk.cl\/wp-content\/uploads\/2023\/04\/mbr-1320x795-1-1024x443.jpg 1024w, https:\/\/admk.cl\/wp-content\/uploads\/2023\/04\/mbr-1320x795-1-512x222.jpg 512w, https:\/\/admk.cl\/wp-content\/uploads\/2023\/04\/mbr-1320x795-1-600x260.jpg 600w\" sizes=\"(max-width: 1056px) 100vw, 1056px\" \/><\/a><\/div><\/div><\/div><\/div><\/div><\/div><div class=\"g-cols wpb_row via_flex valign_top type_default stacking_default\"><div class=\"vc_col-sm-12 wpb_column vc_column_container\"><div class=\"vc_column-inner\"><div class=\"wpb_wrapper\"><div class=\"w-separator size_large\"><\/div><div class=\"wpb_text_column\"><div class=\"wpb_wrapper\"><div id=\"divtags\">\n<h1>Traspaso de marcas: procedimientos y consideraciones legales<\/h1>\n<h1>Gu\u00eda completa para el traspaso de marcas<\/h1>\n<h1>Transferencia de marcas: c\u00f3mo llevar a cabo un traspaso exitoso<\/h1>\n<h1>Pasos a seguir para el traspaso legal de una marca<\/h1>\n<h1>Traspaso de marcas: aspectos a tener en cuenta<\/h1>\n<h1>Importancia del traspaso de marcas en transacciones comerciales<\/h1>\n<h1>Traspaso de marcas: garantizando la protecci\u00f3n de los derechos de propiedad intelectual<\/h1>\n<h1>Requisitos y documentaci\u00f3n necesaria para el traspaso de marcas<\/h1>\n<h1>Traspaso de marcas: asesoramiento especializado y profesionales en propiedad intelectual<\/h1>\n<h1>Consideraciones financieras en el traspaso de marcas<\/h1>\n<h1>Transferencia de marcas: implicaciones y consecuencias legales<\/h1>\n<h1>Traspaso de marcas: valoraci\u00f3n y evaluaci\u00f3n de activos intangibles<\/h1>\n<h1>Traspaso de marcas: garantizando una transacci\u00f3n segura y transparente<\/h1>\n<h1>Aspectos contables y tributarios en el traspaso de marcas<\/h1>\n<h1>Traspaso de marcas: pasos para la transferencia efectiva de derechos<\/h1>\n<h1>Traspaso de marcas: asegurando la continuidad y el prestigio de la marca<\/h1>\n<\/div>\n<\/div><\/div><\/div><\/div><\/div><\/div><\/div><\/div><\/div><div class=\"vc_col-sm-1 wpb_column vc_column_container\"><div class=\"vc_column-inner\"><div class=\"wpb_wrapper\"><\/div><\/div><\/div><\/div><\/div><\/section>\n","protected":false},"excerpt":{"rendered":"Clase Adicional Ampliar Marca Existente \u00bfDesea traspasar o vender su marca?Las marcas se consideran propiedad y son susceptibles de ser transmitidas por su propietario a cualquier tercero, sea este personal natural o jur\u00eddica. Pueden cederse a trav\u00e9s de donaci\u00f3n (Ceder la marca gratuitamente a un tercero) o a trav\u00e9s de compraventa. Seguridad y EfectividadRapidez y...","protected":false},"author":1,"featured_media":0,"parent":0,"menu_order":0,"comment_status":"closed","ping_status":"closed","template":"","meta":{"footnotes":""},"acf":[],"_links":{"self":[{"href":"https:\/\/admk.cl\/index.php\/wp-json\/wp\/v2\/pages\/9017"}],"collection":[{"href":"https:\/\/admk.cl\/index.php\/wp-json\/wp\/v2\/pages"}],"about":[{"href":"https:\/\/admk.cl\/index.php\/wp-json\/wp\/v2\/types\/page"}],"author":[{"embeddable":true,"href":"https:\/\/admk.cl\/index.php\/wp-json\/wp\/v2\/users\/1"}],"replies":[{"embeddable":true,"href":"https:\/\/admk.cl\/index.php\/wp-json\/wp\/v2\/comments?post=9017"}],"version-history":[{"count":64,"href":"https:\/\/admk.cl\/index.php\/wp-json\/wp\/v2\/pages\/9017\/revisions"}],"predecessor-version":[{"id":9584,"href":"https:\/\/admk.cl\/index.php\/wp-json\/wp\/v2\/pages\/9017\/revisions\/9584"}],"wp:attachment":[{"href":"https:\/\/admk.cl\/index.php\/wp-json\/wp\/v2\/media?parent=9017"}],"curies":[{"name":"wp","href":"https:\/\/api.w.org\/{rel}","templated":true}]}}