{"id":9106,"date":"2023-06-06T17:48:38","date_gmt":"2023-06-06T17:48:38","guid":{"rendered":"https:\/\/admk.srtv.cl\/?page_id=9106"},"modified":"2023-06-14T14:24:54","modified_gmt":"2023-06-14T14:24:54","slug":"apelacion-ante-propiedad-industrial","status":"publish","type":"page","link":"https:\/\/admk.cl\/index.php\/apelacion-ante-propiedad-industrial\/","title":{"rendered":"Apelaci\u00f3n ante Propiedad Industrial"},"content":{"rendered":"<section class=\"l-section wpb_row us_custom_e11ab399 secc-1 apelacion-ante-propiedad-industrial height_custom\"><div class=\"l-section-h i-cf\"><div class=\"g-cols vc_row via_flex valign_top type_default stacking_default\"><div class=\"vc_col-sm-12 wpb_column vc_column_container\"><div class=\"vc_column-inner\"><div class=\"wpb_wrapper\"><div class=\"g-cols wpb_row via_flex valign_top type_default stacking_default\"><div class=\"vc_col-sm-6 wpb_column vc_column_container\"><div class=\"vc_column-inner\"><div class=\"wpb_wrapper\"><div class=\"w-hwrapper align_none valign_top\"><div class=\"wpb_text_column us_custom_7f753c02 has_text_color\"><div class=\"wpb_wrapper\"><p>Apelaci\u00f3n ante<br \/>\nPropiedad Industrial<\/p>\n<div id=\"gtx-trans\" style=\"position: absolute; left: -26px; top: 31.2344px;\">\n<div class=\"gtx-trans-icon\"><\/div>\n<\/div>\n<\/div><\/div><\/div><\/div><\/div><\/div><div class=\"vc_col-sm-6 wpb_column vc_column_container\"><div class=\"vc_column-inner us_custom_f03ee871\"><div class=\"wpb_wrapper\"><\/div><\/div><\/div><\/div><div class=\"g-cols wpb_row us_custom_f37aca33 via_flex valign_top type_default stacking_default\"><div class=\"vc_col-sm-6 wpb_column vc_column_container\"><div class=\"vc_column-inner\"><div class=\"wpb_wrapper\"><\/div><\/div><\/div><div class=\"vc_col-sm-6 wpb_column vc_column_container mi-form\"><div class=\"vc_column-inner\"><div class=\"wpb_wrapper\"><h1 class=\"w-text us_custom_d9703a8e has_text_color\"><span class=\"w-text-h\"><span class=\"w-text-value\">Apelaci\u00f3n ante Propiedad Industrial<\/span><\/span><\/h1><div class=\"wpb_text_column us_custom_6df4bc3a has_text_color\"><div class=\"wpb_wrapper\"><p>Si su marca fue rechazada, ya sea por INAPI o por oposici\u00f3n de un tercero, puede apelar ante el Tribunal de Propiedad Industrial para acudir a una segunda instancia y defender el registro.<\/p>\n<\/div><\/div><div class=\"w-separator size_small\"><\/div><div class=\"w-text us_custom_6df4bc3a has_text_color icon_atleft\"><span class=\"w-text-h\"><i class=\"fas fa-shield-check\"><\/i><span class=\"w-text-value\">Seguridad y Efectividad<\/span><\/span><\/div><div class=\"w-separator size_custom\" style=\"height:10px\"><\/div><div class=\"w-text us_custom_6df4bc3a has_text_color icon_atleft\"><span class=\"w-text-h\"><i class=\"fas fa-lightbulb-on\"><\/i><span class=\"w-text-value\">Rapidez y eficiencia<\/span><\/span><\/div>\n<div class=\"wpcf7 no-js\" id=\"wpcf7-f8862-o1\" lang=\"es-ES\" dir=\"ltr\">\n<div class=\"screen-reader-response\"><p role=\"status\" aria-live=\"polite\" aria-atomic=\"true\"><\/p> <ul><\/ul><\/div>\n<form action=\"\/index.php\/wp-json\/wp\/v2\/pages\/9106#wpcf7-f8862-o1\" method=\"post\" class=\"wpcf7-form init\" aria-label=\"Formulario de contacto\" novalidate=\"novalidate\" data-status=\"init\">\n<div style=\"display: none;\">\n<input type=\"hidden\" name=\"_wpcf7\" value=\"8862\" \/>\n<input type=\"hidden\" name=\"_wpcf7_version\" value=\"5.7.7\" \/>\n<input type=\"hidden\" name=\"_wpcf7_locale\" value=\"es_ES\" \/>\n<input type=\"hidden\" name=\"_wpcf7_unit_tag\" value=\"wpcf7-f8862-o1\" \/>\n<input type=\"hidden\" name=\"_wpcf7_container_post\" value=\"0\" \/>\n<input type=\"hidden\" name=\"_wpcf7_posted_data_hash\" value=\"\" \/>\n<input type=\"hidden\" name=\"_wpcf7_recaptcha_response\" value=\"\" \/>\n<\/div>\n<p><label><br \/>\n<span class=\"wpcf7-form-control-wrap\" data-name=\"your-name\"><textarea cols=\"40\" rows=\"10\" class=\"wpcf7-form-control wpcf7-textarea wpcf7-validates-as-required\" aria-required=\"true\" aria-invalid=\"false\" placeholder=\"Nombre\" name=\"your-name\"><\/textarea><\/span> <\/label>\n<\/p>\n<p><label><br \/>\n<span class=\"wpcf7-form-control-wrap\" data-name=\"your-email\"><input size=\"40\" class=\"wpcf7-form-control wpcf7-text wpcf7-email wpcf7-validates-as-required wpcf7-validates-as-email\" aria-required=\"true\" aria-invalid=\"false\" placeholder=\"Email\" value=\"\" type=\"email\" name=\"your-email\" \/><\/span> <\/label>\n<\/p>\n<p><label><br \/>\n<span class=\"wpcf7-form-control-wrap\" data-name=\"your-tel\"><textarea cols=\"40\" rows=\"10\" class=\"wpcf7-form-control wpcf7-textarea wpcf7-validates-as-required\" aria-required=\"true\" aria-invalid=\"false\" placeholder=\"Tel\u00e9fono\" name=\"your-tel\"><\/textarea><\/span> <\/label>\n<\/p>\n<p><label><br \/>\n<span class=\"wpcf7-form-control-wrap\" data-name=\"your-message\"><textarea cols=\"40\" rows=\"10\" class=\"wpcf7-form-control wpcf7-textarea wpcf7-validates-as-required\" aria-required=\"true\" aria-invalid=\"false\" placeholder=\"Mensaje\" name=\"your-message\"><\/textarea><\/span> <\/label>\n<\/p>\n<p><input class=\"wpcf7-form-control has-spinner wpcf7-submit\" type=\"submit\" value=\"COTICE CON NOSOTROS\" \/>\n<\/p><p style=\"display: none !important;\"><label>&#916;<textarea name=\"_wpcf7_ak_hp_textarea\" cols=\"45\" rows=\"8\" maxlength=\"100\"><\/textarea><\/label><input type=\"hidden\" id=\"ak_js_1\" name=\"_wpcf7_ak_js\" value=\"153\"\/><script>document.getElementById( \"ak_js_1\" ).setAttribute( \"value\", ( new Date() ).getTime() );<\/script><\/p><div class=\"wpcf7-response-output\" aria-hidden=\"true\"><\/div>\n<\/form>\n<\/div>\n<\/div><\/div><\/div><\/div><\/div><\/div><\/div><\/div><\/div><\/section><section class=\"l-section wpb_row us_custom_b10b33e3 height_custom\"><div class=\"l-section-h i-cf\"><div class=\"g-cols vc_row via_flex valign_top type_default stacking_default\"><div class=\"vc_col-sm-6 wpb_column vc_column_container\"><div class=\"vc_column-inner\"><div class=\"wpb_wrapper\"><div class=\"wpb_text_column us_custom_fb355f38 has_text_color\"><div class=\"wpb_wrapper\"><p>Requisitos para la apelaci\u00f3n<\/p>\n<\/div><\/div><div class=\"w-separator size_small\"><\/div><div class=\"wpb_text_column us_custom_fb355f38 has_text_color\"><div class=\"wpb_wrapper\"><p>ante Propiedad Industrial<\/p>\n<\/div><\/div><div class=\"w-separator size_medium\"><\/div><div class=\"wpb_text_column us_custom_c80d50f7 has_text_color\"><div class=\"wpb_wrapper\"><p>Para hacer la apelaci\u00f3n debe seguir los siguientes requisitos.<\/p>\n<\/div><\/div><\/div><\/div><\/div><div class=\"vc_col-sm-6 wpb_column vc_column_container\"><div class=\"vc_column-inner\"><div class=\"wpb_wrapper\"><div class=\"w-iconbox iconpos_left style_circle color_secondary align_left no_title\"><div class=\"w-iconbox-icon\" style=\"font-size:40px;\"><i class=\"fal fa-stopwatch\"><\/i><\/div><div class=\"w-iconbox-meta\"><div class=\"w-iconbox-text\"><h4 style=\"word-break: break-word; word-wrap: break-word; font-weight: 600; font-family: 'Red Hat Display', sans-serif; font-size: 1.3rem; color: white; line-height: 1.5;\">Encontrarse dentro del plazo para poder realizar la apelaci\u00f3n.<\/h4>\n<h5 style=\"font-family: 'Red Hat Display', sans-serif; font-size: 1.1rem; line-height: 1.5; color: white; font-weight: 400;\">Debe estar dentro del plazo requierido.<\/h5>\n<\/div><\/div><\/div><div class=\"w-separator size_medium\"><\/div><div class=\"w-iconbox iconpos_left style_circle color_secondary align_left no_title\"><div class=\"w-iconbox-icon\" style=\"font-size:40px;\"><i class=\"fal fa-money-bill\"><\/i><\/div><div class=\"w-iconbox-meta\"><div class=\"w-iconbox-text\"><h4 style=\"word-break: break-word; word-wrap: break-word; font-weight: 600; font-family: 'Red Hat Display', sans-serif; font-size: 1.3rem; color: white; line-height: 1.5;\">Pagar los aranceles establecidos por INAPI.<\/h4>\n<h5 style=\"font-family: 'Red Hat Display', sans-serif; font-size: 1.1rem; line-height: 1.5; color: white; font-weight: 400;\">Hacer el pago de los aranceles para continuar el proceso.<\/h5>\n<\/div><\/div><\/div><\/div><\/div><\/div><\/div><\/div><\/section><section class=\"l-section wpb_row us_custom_d3494044 height_custom\"><div class=\"l-section-h i-cf\"><div class=\"g-cols vc_row via_flex valign_top type_default stacking_default\"><div class=\"vc_col-sm-12 wpb_column vc_column_container\"><div class=\"vc_column-inner\"><div class=\"wpb_wrapper\"><h1 class=\"w-text us_custom_1bcd54a0 has_text_color\"><span class=\"w-text-h\"><span class=\"w-text-value\">Pasos a Seguir<\/span><\/span><\/h1><div class=\"w-separator size_custom\" style=\"height:2rem\"><\/div><div class=\"w-text us_custom_4d196bc9\"><span class=\"w-text-h\"><span class=\"w-text-value\">Para hacer la apelaci\u00f3n ante Propiedad Industrial, solo debe<\/span><\/span><\/div><div class=\"w-separator size_custom\" style=\"height:10px\"><\/div><div class=\"w-text us_custom_4d196bc9\"><span class=\"w-text-h\"><span class=\"w-text-value\">seguir los siguientes pasos indicados a continuaci\u00f3n.<\/span><\/span><\/div><div class=\"w-separator size_custom\" style=\"height:3rem\"><\/div><div class=\"g-cols wpb_row us_custom_91e11ea4 via_flex valign_top type_default stacking_default\"><div class=\"vc_col-sm-6 wpb_column vc_column_container\"><div class=\"vc_column-inner\"><div class=\"wpb_wrapper\"><div class=\"w-vwrapper us_custom_8f4bdcf8 align_none valign_top\"><div class=\"w-image align_center\"><a href=\"https:\/\/admk.cl\/wp-content\/uploads\/2023\/04\/paso-2-1256x707-1.png\" ref=\"magnificPopup\" aria-label=\"Enlace\" class=\"w-image-h\"><img width=\"1024\" height=\"576\" src=\"https:\/\/admk.cl\/wp-content\/uploads\/2023\/04\/paso-2-1256x707-1-1024x576.png\" class=\"attachment-large size-large\" alt=\"\" decoding=\"async\" loading=\"lazy\" srcset=\"https:\/\/admk.cl\/wp-content\/uploads\/2023\/04\/paso-2-1256x707-1-1024x576.png 1024w, https:\/\/admk.cl\/wp-content\/uploads\/2023\/04\/paso-2-1256x707-1-300x169.png 300w, https:\/\/admk.cl\/wp-content\/uploads\/2023\/04\/paso-2-1256x707-1-512x288.png 512w, https:\/\/admk.cl\/wp-content\/uploads\/2023\/04\/paso-2-1256x707-1-600x338.png 600w, https:\/\/admk.cl\/wp-content\/uploads\/2023\/04\/paso-2-1256x707-1.png 1256w\" sizes=\"(max-width: 1024px) 100vw, 1024px\" \/><\/a><\/div><h5 class=\"w-text us_custom_a19dd95c has_text_color\"><span class=\"w-text-h\"><span class=\"w-text-value\">1: Revisi\u00f3n y an\u00e1lisis del caso<\/span><\/span><\/h5><div class=\"w-text us_custom_881951ba\"><span class=\"w-text-h\"><span class=\"w-text-value\">Nos aseguramos de que su marca cumpla con lo recomendado.<\/span><\/span><\/div><\/div><\/div><\/div><\/div><div class=\"vc_col-sm-6 wpb_column vc_column_container\"><div class=\"vc_column-inner\"><div class=\"wpb_wrapper\"><div class=\"w-vwrapper us_custom_8f4bdcf8 align_none valign_top\"><div class=\"w-image align_center\"><a href=\"https:\/\/admk.cl\/wp-content\/uploads\/2023\/04\/paso-3-1256x707-1.png\" ref=\"magnificPopup\" aria-label=\"Enlace\" class=\"w-image-h\"><img width=\"1024\" height=\"576\" src=\"https:\/\/admk.cl\/wp-content\/uploads\/2023\/04\/paso-3-1256x707-1-1024x576.png\" class=\"attachment-large size-large\" alt=\"\" decoding=\"async\" loading=\"lazy\" srcset=\"https:\/\/admk.cl\/wp-content\/uploads\/2023\/04\/paso-3-1256x707-1-1024x576.png 1024w, https:\/\/admk.cl\/wp-content\/uploads\/2023\/04\/paso-3-1256x707-1-300x169.png 300w, https:\/\/admk.cl\/wp-content\/uploads\/2023\/04\/paso-3-1256x707-1-512x288.png 512w, https:\/\/admk.cl\/wp-content\/uploads\/2023\/04\/paso-3-1256x707-1-600x338.png 600w, https:\/\/admk.cl\/wp-content\/uploads\/2023\/04\/paso-3-1256x707-1.png 1256w\" sizes=\"(max-width: 1024px) 100vw, 1024px\" \/><\/a><\/div><h5 class=\"w-text us_custom_a19dd95c has_text_color\"><span class=\"w-text-h\"><span class=\"w-text-value\">2: Emisi\u00f3n de un informe.<\/span><\/span><\/h5><div class=\"w-text us_custom_881951ba\"><span class=\"w-text-h\"><span class=\"w-text-value\">Con una opini\u00f3n legal sobre las posibilidades de \u00e9xito o fracaso.<\/span><\/span><\/div><\/div><\/div><\/div><\/div><\/div><div class=\"g-cols wpb_row us_custom_92b2762d via_flex valign_top type_default stacking_default\"><div class=\"vc_col-sm-6 wpb_column vc_column_container\"><div class=\"vc_column-inner\"><div class=\"wpb_wrapper\"><div class=\"w-vwrapper us_custom_8f4bdcf8 align_none valign_top\"><div class=\"w-image align_center\"><a href=\"https:\/\/admk.cl\/wp-content\/uploads\/2023\/06\/1_1-1.png\" ref=\"magnificPopup\" aria-label=\"Enlace\" class=\"w-image-h\"><img width=\"815\" height=\"1024\" src=\"https:\/\/admk.cl\/wp-content\/uploads\/2023\/06\/1_1-1-815x1024.png\" class=\"attachment-large size-large\" alt=\"\" decoding=\"async\" loading=\"lazy\" srcset=\"https:\/\/admk.cl\/wp-content\/uploads\/2023\/06\/1_1-1-815x1024.png 815w, https:\/\/admk.cl\/wp-content\/uploads\/2023\/06\/1_1-1-239x300.png 239w, https:\/\/admk.cl\/wp-content\/uploads\/2023\/06\/1_1-1-407x512.png 407w, https:\/\/admk.cl\/wp-content\/uploads\/2023\/06\/1_1-1-600x754.png 600w\" sizes=\"(max-width: 815px) 100vw, 815px\" \/><\/a><\/div><h5 class=\"w-text us_custom_a19dd95c has_text_color\"><span class=\"w-text-h\"><span class=\"w-text-value\">3: Preparaci\u00f3n y firma de poder<\/span><\/span><\/h5><div class=\"w-text us_custom_881951ba\"><span class=\"w-text-h\"><span class=\"w-text-value\">Se preparan los documentos necesarios.<\/span><\/span><\/div><\/div><\/div><\/div><\/div><div class=\"vc_col-sm-6 wpb_column vc_column_container\"><div class=\"vc_column-inner\"><div class=\"wpb_wrapper\"><div class=\"w-vwrapper us_custom_8f4bdcf8 align_none valign_top\"><div class=\"w-image align_center\"><a href=\"https:\/\/admk.cl\/wp-content\/uploads\/2023\/06\/2-1.png\" ref=\"magnificPopup\" aria-label=\"Enlace\" class=\"w-image-h\"><img width=\"815\" height=\"1024\" src=\"https:\/\/admk.cl\/wp-content\/uploads\/2023\/06\/2-1.png\" class=\"attachment-large size-large\" alt=\"\" decoding=\"async\" loading=\"lazy\" \/><\/a><\/div><h5 class=\"w-text us_custom_a19dd95c has_text_color\"><span class=\"w-text-h\"><span class=\"w-text-value\">4: Redacci\u00f3n y preparaci\u00f3n del recurso de apelaci\u00f3n<\/span><\/span><\/h5><div class=\"w-text us_custom_881951ba\"><span class=\"w-text-h\"><span class=\"w-text-value\">Se escribe una respuesta a las observaciones de fondo.<\/span><\/span><\/div><\/div><\/div><\/div><\/div><\/div><div class=\"g-cols wpb_row us_custom_92b2762d via_flex valign_top type_default stacking_default\"><div class=\"vc_col-sm-6 wpb_column vc_column_container\"><div class=\"vc_column-inner\"><div class=\"wpb_wrapper\"><div class=\"w-vwrapper us_custom_8f4bdcf8 align_none valign_top\"><div class=\"w-image align_center\"><a href=\"https:\/\/admk.cl\/wp-content\/uploads\/2023\/06\/4-635x605-1.png\" ref=\"magnificPopup\" aria-label=\"Enlace\" class=\"w-image-h\"><img width=\"635\" height=\"605\" src=\"https:\/\/admk.cl\/wp-content\/uploads\/2023\/06\/4-635x605-1.png\" class=\"attachment-large size-large\" alt=\"\" decoding=\"async\" loading=\"lazy\" srcset=\"https:\/\/admk.cl\/wp-content\/uploads\/2023\/06\/4-635x605-1.png 635w, https:\/\/admk.cl\/wp-content\/uploads\/2023\/06\/4-635x605-1-300x286.png 300w, https:\/\/admk.cl\/wp-content\/uploads\/2023\/06\/4-635x605-1-420x400.png 420w, https:\/\/admk.cl\/wp-content\/uploads\/2023\/06\/4-635x605-1-600x572.png 600w\" sizes=\"(max-width: 635px) 100vw, 635px\" \/><\/a><\/div><h5 class=\"w-text us_custom_a19dd95c has_text_color\"><span class=\"w-text-h\"><span class=\"w-text-value\">5: Presentaci\u00f3n de nuestra contestaci\u00f3n<\/span><\/span><\/h5><div class=\"w-text us_custom_881951ba\"><span class=\"w-text-h\"><span class=\"w-text-value\">Presentamos una contestaci\u00f3n con bases y \u00e9xito.<\/span><\/span><\/div><\/div><\/div><\/div><\/div><div class=\"vc_col-sm-6 wpb_column vc_column_container\"><div class=\"vc_column-inner\"><div class=\"wpb_wrapper\"><div class=\"w-vwrapper us_custom_8f4bdcf8 align_none valign_top\"><div class=\"w-image align_center\"><a href=\"https:\/\/admk.cl\/wp-content\/uploads\/2023\/06\/3-635x605-1.png\" ref=\"magnificPopup\" aria-label=\"Enlace\" class=\"w-image-h\"><img width=\"635\" height=\"605\" src=\"https:\/\/admk.cl\/wp-content\/uploads\/2023\/06\/3-635x605-1.png\" class=\"attachment-large size-large\" alt=\"\" decoding=\"async\" loading=\"lazy\" srcset=\"https:\/\/admk.cl\/wp-content\/uploads\/2023\/06\/3-635x605-1.png 635w, https:\/\/admk.cl\/wp-content\/uploads\/2023\/06\/3-635x605-1-300x286.png 300w, https:\/\/admk.cl\/wp-content\/uploads\/2023\/06\/3-635x605-1-420x400.png 420w, https:\/\/admk.cl\/wp-content\/uploads\/2023\/06\/3-635x605-1-600x572.png 600w\" sizes=\"(max-width: 635px) 100vw, 635px\" \/><\/a><\/div><h5 class=\"w-text us_custom_a19dd95c has_text_color\"><span class=\"w-text-h\"><span class=\"w-text-value\">6: Seguimiento hasta el final.<\/span><\/span><\/h5><div class=\"w-text us_custom_881951ba\"><span class=\"w-text-h\"><span class=\"w-text-value\">Tendr\u00e1 siempre actualizaciones del proceso.<\/span><\/span><\/div><\/div><\/div><\/div><\/div><\/div><\/div><\/div><\/div><\/div><\/div><\/section><section class=\"l-section wpb_row height_custom with_img parallax_ver parallaxdir_reversed\"><div class=\"l-section-img\" style=\"background-image: url(https:\/\/admk.cl\/wp-content\/uploads\/2023\/06\/mbr-1-1920x1280-1.jpg);\" data-img-width=\"1920\" data-img-height=\"1280\"><\/div><div class=\"l-section-overlay\" style=\"background:rgba(10,53,114,0.69)\"><\/div><div class=\"l-section-h i-cf\"><div class=\"g-cols vc_row via_flex valign_top type_default stacking_default\"><div class=\"vc_col-sm-12 wpb_column vc_column_container\"><div class=\"vc_column-inner\"><div class=\"wpb_wrapper\"><h1 class=\"w-text us_custom_c8a43282 has_text_color\"><span class=\"w-text-h\"><span class=\"w-text-value\">\u00a1Defienda el registro de su<\/span><\/span><\/h1><h1 class=\"w-text us_custom_c8a43282 has_text_color\"><span class=\"w-text-h\"><span class=\"w-text-value\">marca con especialistas<\/span><\/span><\/h1><h1 class=\"w-text us_custom_c8a43282 has_text_color\"><span class=\"w-text-h\"><span class=\"w-text-value\">en propiedad intelectual!<\/span><\/span><\/h1><\/div><\/div><\/div><\/div><\/div><\/section><section class=\"l-section wpb_row us_custom_8591a7b2 height_custom with_img parallax_ver parallaxdir_reversed\"><div class=\"l-section-img\" style=\"background-image: url(https:\/\/admk.cl\/wp-content\/uploads\/2023\/04\/mbr-1920x1081-1.jpg);background-repeat: no-repeat;\" data-img-width=\"1920\" data-img-height=\"1081\"><\/div><div class=\"l-section-h i-cf\"><div class=\"g-cols vc_row via_flex valign_top type_default stacking_default\"><div class=\"vc_col-sm-1 wpb_column vc_column_container\"><div class=\"vc_column-inner\"><div class=\"wpb_wrapper\"><\/div><\/div><\/div><div class=\"vc_col-sm-10 wpb_column vc_column_container\"><div class=\"vc_column-inner\"><div class=\"wpb_wrapper\"><div class=\"g-cols wpb_row us_custom_4fb9e5a3 mi-contcact-page via_flex valign_top type_default stacking_default\"><div class=\"vc_col-sm-6 wpb_column vc_column_container mi-form\"><div class=\"vc_column-inner us_custom_8d032b96\"><div class=\"wpb_wrapper\"><h1 class=\"w-text us_custom_ba205bf8\"><span class=\"w-text-h\"><span class=\"w-text-value\">Cont\u00e1ctenos<\/span><\/span><\/h1>\n<div class=\"wpcf7 no-js\" id=\"wpcf7-f9077-o2\" lang=\"es-ES\" dir=\"ltr\">\n<div class=\"screen-reader-response\"><p role=\"status\" aria-live=\"polite\" aria-atomic=\"true\"><\/p> <ul><\/ul><\/div>\n<form action=\"\/index.php\/wp-json\/wp\/v2\/pages\/9106#wpcf7-f9077-o2\" method=\"post\" class=\"wpcf7-form init\" aria-label=\"Formulario de contacto\" novalidate=\"novalidate\" data-status=\"init\">\n<div style=\"display: none;\">\n<input type=\"hidden\" name=\"_wpcf7\" value=\"9077\" \/>\n<input type=\"hidden\" name=\"_wpcf7_version\" value=\"5.7.7\" \/>\n<input type=\"hidden\" name=\"_wpcf7_locale\" value=\"es_ES\" \/>\n<input type=\"hidden\" name=\"_wpcf7_unit_tag\" value=\"wpcf7-f9077-o2\" \/>\n<input type=\"hidden\" name=\"_wpcf7_container_post\" value=\"0\" \/>\n<input type=\"hidden\" name=\"_wpcf7_posted_data_hash\" value=\"\" \/>\n<input type=\"hidden\" name=\"_wpcf7_recaptcha_response\" value=\"\" \/>\n<\/div>\n<p><label><br \/>\n<span class=\"wpcf7-form-control-wrap\" data-name=\"your-name\"><input size=\"40\" class=\"wpcf7-form-control wpcf7-text wpcf7-validates-as-required\" aria-required=\"true\" aria-invalid=\"false\" placeholder=\"Nombre\" value=\"\" type=\"text\" name=\"your-name\" \/><\/span> <\/label>\n<\/p>\n<p><label><br \/>\n<span class=\"wpcf7-form-control-wrap\" data-name=\"your-email\"><input size=\"40\" class=\"wpcf7-form-control wpcf7-text wpcf7-email wpcf7-validates-as-required wpcf7-validates-as-email\" aria-required=\"true\" aria-invalid=\"false\" placeholder=\"Email\" value=\"\" type=\"email\" name=\"your-email\" \/><\/span> <\/label>\n<\/p>\n<p><label><br \/>\n<span class=\"wpcf7-form-control-wrap\" data-name=\"your-tel\"><input size=\"40\" class=\"wpcf7-form-control wpcf7-text wpcf7-validates-as-required\" aria-required=\"true\" aria-invalid=\"false\" placeholder=\"Tel\u00e9fono\" value=\"\" type=\"text\" name=\"your-tel\" \/><\/span> <\/label>\n<\/p>\n<p><input class=\"wpcf7-form-control has-spinner wpcf7-submit\" type=\"submit\" value=\"ENVIAR FORMULARIO\" \/>\n<\/p><p style=\"display: none !important;\"><label>&#916;<textarea name=\"_wpcf7_ak_hp_textarea\" cols=\"45\" rows=\"8\" maxlength=\"100\"><\/textarea><\/label><input type=\"hidden\" id=\"ak_js_2\" name=\"_wpcf7_ak_js\" value=\"194\"\/><script>document.getElementById( \"ak_js_2\" ).setAttribute( \"value\", ( new Date() ).getTime() );<\/script><\/p><div class=\"wpcf7-response-output\" aria-hidden=\"true\"><\/div>\n<\/form>\n<\/div>\n<\/div><\/div><\/div><div class=\"vc_col-sm-6 wpb_column vc_column_container\"><div class=\"vc_column-inner us_custom_b037f512\"><div class=\"wpb_wrapper\"><div class=\"w-vwrapper us_custom_e47d7875 mi-envoltura-contact align_none valign_top\"><div class=\"w-text us_custom_492f024f has_text_color icon_atleft\"><span class=\"w-text-h\"><i class=\"fas fa-star-christmas\"><\/i><span class=\"w-text-value\">Obtenga su certificado de forma eficaz y r\u00e1pida<\/span><\/span><\/div><div class=\"w-text us_custom_26910de7 has_text_color icon_atleft\"><span class=\"w-text-h\"><i class=\"fas fa-star-christmas\"><\/i><span class=\"w-text-value\">Atenci\u00f3n personalizada<\/span><\/span><\/div><div class=\"w-image align_center\"><a href=\"https:\/\/admk.cl\/wp-content\/uploads\/2023\/04\/mbr-1320x795-1.jpg\" ref=\"magnificPopup\" aria-label=\"Enlace\" class=\"w-image-h\"><img width=\"1056\" height=\"457\" src=\"https:\/\/admk.cl\/wp-content\/uploads\/2023\/04\/mbr-1320x795-1.jpg\" class=\"attachment-full size-full\" alt=\"\" decoding=\"async\" loading=\"lazy\" srcset=\"https:\/\/admk.cl\/wp-content\/uploads\/2023\/04\/mbr-1320x795-1.jpg 1056w, https:\/\/admk.cl\/wp-content\/uploads\/2023\/04\/mbr-1320x795-1-300x130.jpg 300w, https:\/\/admk.cl\/wp-content\/uploads\/2023\/04\/mbr-1320x795-1-1024x443.jpg 1024w, https:\/\/admk.cl\/wp-content\/uploads\/2023\/04\/mbr-1320x795-1-512x222.jpg 512w, https:\/\/admk.cl\/wp-content\/uploads\/2023\/04\/mbr-1320x795-1-600x260.jpg 600w\" sizes=\"(max-width: 1056px) 100vw, 1056px\" \/><\/a><\/div><\/div><\/div><\/div><\/div><\/div><div class=\"g-cols wpb_row via_flex valign_top type_default stacking_default\"><div class=\"vc_col-sm-12 wpb_column vc_column_container\"><div class=\"vc_column-inner\"><div class=\"wpb_wrapper\"><div class=\"w-separator size_large\"><\/div><div class=\"wpb_text_column\"><div class=\"wpb_wrapper\"><div id=\"divtags\">\n<h1>Apelaci\u00f3n ante Propiedad Industrial: procedimientos y consideraciones<\/h1>\n<h1>Gu\u00eda completa para apelar decisiones de la Propiedad Industrial<\/h1>\n<h1>Recurso de apelaci\u00f3n en casos de Propiedad Industrial<\/h1>\n<h1>Pasos a seguir para apelar resoluciones de la Propiedad Industrial<\/h1>\n<h1>Apelaci\u00f3n ante Propiedad Industrial: defensa de derechos de propiedad intelectual<\/h1>\n<h1>Apelaci\u00f3n administrativa en casos de Propiedad Industrial<\/h1>\n<h1>Requisitos y documentaci\u00f3n necesaria para apelar ante la Propiedad Industrial<\/h1>\n<h1>Apelaci\u00f3n de resoluciones de la Propiedad Industrial: estrategias y consejos<\/h1>\n<h1>Proceso de apelaci\u00f3n ante la Propiedad Industrial: derechos y plazos<\/h1>\n<h1>Apelaci\u00f3n ante la denegaci\u00f3n de registros de la Propiedad Industrial<\/h1>\n<h1>Apelaci\u00f3n judicial en casos de Propiedad Industrial<\/h1>\n<h1>Apelaci\u00f3n de resoluciones de la Propiedad Industrial: expertos legales en la materia<\/h1>\n<h1>Apelaci\u00f3n ante Propiedad Industrial: an\u00e1lisis y argumentaci\u00f3n legal<\/h1>\n<h1>Defensa t\u00e9cnica en casos de apelaci\u00f3n ante la Propiedad Industrial<\/h1>\n<h1>Apelaci\u00f3n administrativa en la protecci\u00f3n de derechos de propiedad intelectual<\/h1>\n<h1>Apelaci\u00f3n ante la Propiedad Industrial: estrategias de negociaci\u00f3n y resoluci\u00f3n<\/h1>\n<\/div>\n<\/div><\/div><\/div><\/div><\/div><\/div><\/div><\/div><\/div><div class=\"vc_col-sm-1 wpb_column vc_column_container\"><div class=\"vc_column-inner\"><div class=\"wpb_wrapper\"><\/div><\/div><\/div><\/div><\/div><\/section>\n","protected":false},"excerpt":{"rendered":"Apelaci\u00f3n ante Propiedad Industrial Apelaci\u00f3n ante Propiedad IndustrialSi su marca fue rechazada, ya sea por INAPI o por oposici\u00f3n de un tercero, puede apelar ante el Tribunal de Propiedad Industrial para acudir a una segunda instancia y defender el registro. Seguridad y EfectividadRapidez y eficiencia &#916; Requisitos para la apelaci\u00f3n ante Propiedad Industrial Para hacer...","protected":false},"author":1,"featured_media":0,"parent":0,"menu_order":0,"comment_status":"closed","ping_status":"closed","template":"","meta":{"footnotes":""},"acf":[],"_links":{"self":[{"href":"https:\/\/admk.cl\/index.php\/wp-json\/wp\/v2\/pages\/9106"}],"collection":[{"href":"https:\/\/admk.cl\/index.php\/wp-json\/wp\/v2\/pages"}],"about":[{"href":"https:\/\/admk.cl\/index.php\/wp-json\/wp\/v2\/types\/page"}],"author":[{"embeddable":true,"href":"https:\/\/admk.cl\/index.php\/wp-json\/wp\/v2\/users\/1"}],"replies":[{"embeddable":true,"href":"https:\/\/admk.cl\/index.php\/wp-json\/wp\/v2\/comments?post=9106"}],"version-history":[{"count":26,"href":"https:\/\/admk.cl\/index.php\/wp-json\/wp\/v2\/pages\/9106\/revisions"}],"predecessor-version":[{"id":9587,"href":"https:\/\/admk.cl\/index.php\/wp-json\/wp\/v2\/pages\/9106\/revisions\/9587"}],"wp:attachment":[{"href":"https:\/\/admk.cl\/index.php\/wp-json\/wp\/v2\/media?parent=9106"}],"curies":[{"name":"wp","href":"https:\/\/api.w.org\/{rel}","templated":true}]}}