{"id":9165,"date":"2023-06-06T20:35:01","date_gmt":"2023-06-06T20:35:01","guid":{"rendered":"https:\/\/admk.srtv.cl\/?page_id=9165"},"modified":"2023-06-14T17:17:43","modified_gmt":"2023-06-14T17:17:43","slug":"servicio-de-proteccion-de-marcas","status":"publish","type":"page","link":"https:\/\/admk.cl\/index.php\/servicio-de-proteccion-de-marcas\/","title":{"rendered":"Servicio de Protecci\u00f3n de Marcas"},"content":{"rendered":"<section class=\"l-section wpb_row us_custom_e11ab399 secc-1 servicio-de-proteccion-de-marcas height_custom\"><div class=\"l-section-h i-cf\"><div class=\"g-cols vc_row via_flex valign_top type_default stacking_default\"><div class=\"vc_col-sm-12 wpb_column vc_column_container\"><div class=\"vc_column-inner\"><div class=\"wpb_wrapper\"><div class=\"g-cols wpb_row via_flex valign_top type_default stacking_default\"><div class=\"vc_col-sm-6 wpb_column vc_column_container\"><div class=\"vc_column-inner\"><div class=\"wpb_wrapper\"><div class=\"w-hwrapper align_none valign_top\"><div class=\"wpb_text_column us_custom_7f753c02 has_text_color\"><div class=\"wpb_wrapper\"><p>Servicio de Protecci\u00f3n de Marcas<\/p>\n<\/div><\/div><\/div><\/div><\/div><\/div><div class=\"vc_col-sm-6 wpb_column vc_column_container\"><div class=\"vc_column-inner us_custom_f03ee871\"><div class=\"wpb_wrapper\"><\/div><\/div><\/div><\/div><div class=\"g-cols wpb_row us_custom_f37aca33 via_flex valign_top type_default stacking_default\"><div class=\"vc_col-sm-6 wpb_column vc_column_container\"><div class=\"vc_column-inner\"><div class=\"wpb_wrapper\"><\/div><\/div><\/div><div class=\"vc_col-sm-6 wpb_column vc_column_container mi-form\"><div class=\"vc_column-inner\"><div class=\"wpb_wrapper\"><h1 class=\"w-text us_custom_d9703a8e has_text_color\"><span class=\"w-text-h\"><span class=\"w-text-value\">Servicio de Protecci\u00f3n de Marcas<\/span><\/span><\/h1><div class=\"wpb_text_column us_custom_6df4bc3a has_text_color\"><div class=\"wpb_wrapper\"><p>Protegemos su marca comercial de forma proactiva, revisando las marcas que se registran en Chile o el simple uso de marcas similares, y le notificaremos si desea que presentemos una oposici\u00f3n o iniciemos acciones legales.<\/p>\n<\/div><\/div><div class=\"w-separator size_small\"><\/div><div class=\"w-text us_custom_6df4bc3a has_text_color icon_atleft\"><span class=\"w-text-h\"><i class=\"fas fa-shield-check\"><\/i><span class=\"w-text-value\">Seguridad y Efectividad<\/span><\/span><\/div><div class=\"w-separator size_custom\" style=\"height:10px\"><\/div><div class=\"w-text us_custom_6df4bc3a has_text_color icon_atleft\"><span class=\"w-text-h\"><i class=\"fas fa-lightbulb-on\"><\/i><span class=\"w-text-value\">Rapidez y eficiencia<\/span><\/span><\/div>\n<div class=\"wpcf7 no-js\" id=\"wpcf7-f8862-o1\" lang=\"es-ES\" dir=\"ltr\">\n<div class=\"screen-reader-response\"><p role=\"status\" aria-live=\"polite\" aria-atomic=\"true\"><\/p> <ul><\/ul><\/div>\n<form action=\"\/index.php\/wp-json\/wp\/v2\/pages\/9165#wpcf7-f8862-o1\" method=\"post\" class=\"wpcf7-form init\" aria-label=\"Formulario de contacto\" novalidate=\"novalidate\" data-status=\"init\">\n<div style=\"display: none;\">\n<input type=\"hidden\" name=\"_wpcf7\" value=\"8862\" \/>\n<input type=\"hidden\" name=\"_wpcf7_version\" value=\"5.7.7\" \/>\n<input type=\"hidden\" name=\"_wpcf7_locale\" value=\"es_ES\" \/>\n<input type=\"hidden\" name=\"_wpcf7_unit_tag\" value=\"wpcf7-f8862-o1\" \/>\n<input type=\"hidden\" name=\"_wpcf7_container_post\" value=\"0\" \/>\n<input type=\"hidden\" name=\"_wpcf7_posted_data_hash\" value=\"\" \/>\n<input type=\"hidden\" name=\"_wpcf7_recaptcha_response\" value=\"\" \/>\n<\/div>\n<p><label><br \/>\n<span class=\"wpcf7-form-control-wrap\" data-name=\"your-name\"><textarea cols=\"40\" rows=\"10\" class=\"wpcf7-form-control wpcf7-textarea wpcf7-validates-as-required\" aria-required=\"true\" aria-invalid=\"false\" placeholder=\"Nombre\" name=\"your-name\"><\/textarea><\/span> <\/label>\n<\/p>\n<p><label><br \/>\n<span class=\"wpcf7-form-control-wrap\" data-name=\"your-email\"><input size=\"40\" class=\"wpcf7-form-control wpcf7-text wpcf7-email wpcf7-validates-as-required wpcf7-validates-as-email\" aria-required=\"true\" aria-invalid=\"false\" placeholder=\"Email\" value=\"\" type=\"email\" name=\"your-email\" \/><\/span> <\/label>\n<\/p>\n<p><label><br \/>\n<span class=\"wpcf7-form-control-wrap\" data-name=\"your-tel\"><textarea cols=\"40\" rows=\"10\" class=\"wpcf7-form-control wpcf7-textarea wpcf7-validates-as-required\" aria-required=\"true\" aria-invalid=\"false\" placeholder=\"Tel\u00e9fono\" name=\"your-tel\"><\/textarea><\/span> <\/label>\n<\/p>\n<p><label><br \/>\n<span class=\"wpcf7-form-control-wrap\" data-name=\"your-message\"><textarea cols=\"40\" rows=\"10\" class=\"wpcf7-form-control wpcf7-textarea wpcf7-validates-as-required\" aria-required=\"true\" aria-invalid=\"false\" placeholder=\"Mensaje\" name=\"your-message\"><\/textarea><\/span> <\/label>\n<\/p>\n<p><input class=\"wpcf7-form-control has-spinner wpcf7-submit\" type=\"submit\" value=\"COTICE CON NOSOTROS\" \/>\n<\/p><p style=\"display: none !important;\"><label>&#916;<textarea name=\"_wpcf7_ak_hp_textarea\" cols=\"45\" rows=\"8\" maxlength=\"100\"><\/textarea><\/label><input type=\"hidden\" id=\"ak_js_1\" name=\"_wpcf7_ak_js\" value=\"165\"\/><script>document.getElementById( \"ak_js_1\" ).setAttribute( \"value\", ( new Date() ).getTime() );<\/script><\/p><div class=\"wpcf7-response-output\" aria-hidden=\"true\"><\/div>\n<\/form>\n<\/div>\n<\/div><\/div><\/div><\/div><div class=\"w-separator size_large\"><\/div><\/div><\/div><\/div><\/div><\/div><\/section><section class=\"l-section wpb_row height_custom\"><div class=\"l-section-h i-cf\"><div class=\"g-cols vc_row via_flex valign_top type_default stacking_default\"><div class=\"vc_col-sm-12 wpb_column vc_column_container\"><div class=\"vc_column-inner\"><div class=\"wpb_wrapper\"><div class=\"wpb_text_column us_custom_3ad999c0 has_text_color\"><div class=\"wpb_wrapper\"><p>Caracter\u00edsticas<\/p>\n<\/div><\/div><div class=\"w-separator size_medium\"><\/div><div class=\"g-cols wpb_row via_flex valign_top type_default stacking_default\"><div class=\"vc_col-sm-4 wpb_column vc_column_container\"><div class=\"vc_column-inner\"><div class=\"wpb_wrapper\"><div class=\"w-iconbox us_custom_17d962bf has_text_color iconpos_top style_circle color_secondary align_center no_text\"><div class=\"w-iconbox-icon\" style=\"font-size:2rem;\"><i class=\"fal fa-file\"><\/i><\/div><div class=\"w-iconbox-meta\"><h6 class=\"w-iconbox-title\">1: Recibir\u00e1 un informe mensual con nuestro trabajo.<\/h6><\/div><\/div><div class=\"w-separator size_small\"><\/div><div class=\"wpb_text_column us_custom_1e30eb45\"><div class=\"wpb_wrapper\"><p>Siempre recibir\u00e1 actualizaciones sobre el proceso.<\/p>\n<div id=\"gtx-trans\" style=\"position: absolute; left: -27px; top: 31px;\">\n<div class=\"gtx-trans-icon\"><\/div>\n<\/div>\n<\/div><\/div><\/div><\/div><\/div><div class=\"vc_col-sm-4 wpb_column vc_column_container\"><div class=\"vc_column-inner\"><div class=\"wpb_wrapper\"><div class=\"w-iconbox us_custom_17d962bf has_text_color iconpos_top style_circle color_secondary align_center no_text\"><div class=\"w-iconbox-icon\" style=\"font-size:2rem;\"><i class=\"fal fa-file-signature\"><\/i><\/div><div class=\"w-iconbox-meta\"><h6 class=\"w-iconbox-title\">2: En caso de que una marca sea similar a alguna de su propiedad<\/h6><\/div><\/div><div class=\"w-separator size_small\"><\/div><div class=\"wpb_text_column us_custom_1e30eb45\"><div class=\"wpb_wrapper\"><p>Presentaremos la oposici\u00f3n previa<br \/>\ninstrucci\u00f3n suya.<\/p>\n<\/div><\/div><\/div><\/div><\/div><div class=\"vc_col-sm-4 wpb_column vc_column_container\"><div class=\"vc_column-inner\"><div class=\"wpb_wrapper\"><div class=\"w-iconbox us_custom_2f35aa69 has_text_color iconpos_top style_circle color_secondary align_center no_text\"><div class=\"w-iconbox-icon\" style=\"font-size:2rem;\"><i class=\"fal fa-file-alt\"><\/i><\/div><div class=\"w-iconbox-meta\"><h6 class=\"w-iconbox-title\">3: Si una persona o empresa utiliza una marca similar (sin estar registrada)<\/h6><\/div><\/div><div class=\"w-separator size_small\"><\/div><div class=\"wpb_text_column us_custom_9ac893b2\"><div class=\"wpb_wrapper\"><p>Podemos solicitar el cese del uso a trav\u00e9s de carta notarial.<\/p>\n<\/div><\/div><\/div><\/div><\/div><\/div><div class=\"w-separator size_medium\"><\/div><\/div><\/div><\/div><\/div><\/div><\/section><section class=\"l-section wpb_row height_custom with_img parallax_ver parallaxdir_reversed\"><div class=\"l-section-img\" style=\"background-image: url(https:\/\/admk.cl\/wp-content\/uploads\/2023\/06\/mbr-1-1920x1280-1.jpg);\" data-img-width=\"1920\" data-img-height=\"1280\"><\/div><div class=\"l-section-overlay\" style=\"background:rgba(10,53,114,0.69)\"><\/div><div class=\"l-section-h i-cf\"><div class=\"g-cols vc_row via_flex valign_top type_default stacking_default\"><div class=\"vc_col-sm-12 wpb_column vc_column_container\"><div class=\"vc_column-inner\"><div class=\"wpb_wrapper\"><h1 class=\"w-text us_custom_c8a43282 has_text_color\"><span class=\"w-text-h\"><span class=\"w-text-value\">\u00a1Cot\u00edcenos ahora y<\/span><\/span><\/h1><h1 class=\"w-text us_custom_c8a43282 has_text_color\"><span class=\"w-text-h\"><span class=\"w-text-value\">com\u00e9ntenos cuales son<\/span><\/span><\/h1><h1 class=\"w-text us_custom_c8a43282 has_text_color\"><span class=\"w-text-h\"><span class=\"w-text-value\">sus necesidades!<\/span><\/span><\/h1><\/div><\/div><\/div><\/div><\/div><\/section><section class=\"l-section wpb_row us_custom_8591a7b2 height_custom with_img parallax_ver parallaxdir_reversed\"><div class=\"l-section-img\" style=\"background-image: url(https:\/\/admk.cl\/wp-content\/uploads\/2023\/04\/mbr-1920x1081-1.jpg);background-repeat: no-repeat;\" data-img-width=\"1920\" data-img-height=\"1081\"><\/div><div class=\"l-section-h i-cf\"><div class=\"g-cols vc_row via_flex valign_top type_default stacking_default\"><div class=\"vc_col-sm-1 wpb_column vc_column_container\"><div class=\"vc_column-inner\"><div class=\"wpb_wrapper\"><\/div><\/div><\/div><div class=\"vc_col-sm-10 wpb_column vc_column_container\"><div class=\"vc_column-inner\"><div class=\"wpb_wrapper\"><div class=\"g-cols wpb_row us_custom_4fb9e5a3 mi-contcact-page via_flex valign_top type_default stacking_default\"><div class=\"vc_col-sm-6 wpb_column vc_column_container mi-form\"><div class=\"vc_column-inner us_custom_8d032b96\"><div class=\"wpb_wrapper\"><h1 class=\"w-text us_custom_ba205bf8\"><span class=\"w-text-h\"><span class=\"w-text-value\">Cont\u00e1ctenos<\/span><\/span><\/h1>\n<div class=\"wpcf7 no-js\" id=\"wpcf7-f9077-o2\" lang=\"es-ES\" dir=\"ltr\">\n<div class=\"screen-reader-response\"><p role=\"status\" aria-live=\"polite\" aria-atomic=\"true\"><\/p> <ul><\/ul><\/div>\n<form action=\"\/index.php\/wp-json\/wp\/v2\/pages\/9165#wpcf7-f9077-o2\" method=\"post\" class=\"wpcf7-form init\" aria-label=\"Formulario de contacto\" novalidate=\"novalidate\" data-status=\"init\">\n<div style=\"display: none;\">\n<input type=\"hidden\" name=\"_wpcf7\" value=\"9077\" \/>\n<input type=\"hidden\" name=\"_wpcf7_version\" value=\"5.7.7\" \/>\n<input type=\"hidden\" name=\"_wpcf7_locale\" value=\"es_ES\" \/>\n<input type=\"hidden\" name=\"_wpcf7_unit_tag\" value=\"wpcf7-f9077-o2\" \/>\n<input type=\"hidden\" name=\"_wpcf7_container_post\" value=\"0\" \/>\n<input type=\"hidden\" name=\"_wpcf7_posted_data_hash\" value=\"\" \/>\n<input type=\"hidden\" name=\"_wpcf7_recaptcha_response\" value=\"\" \/>\n<\/div>\n<p><label><br \/>\n<span class=\"wpcf7-form-control-wrap\" data-name=\"your-name\"><input size=\"40\" class=\"wpcf7-form-control wpcf7-text wpcf7-validates-as-required\" aria-required=\"true\" aria-invalid=\"false\" placeholder=\"Nombre\" value=\"\" type=\"text\" name=\"your-name\" \/><\/span> <\/label>\n<\/p>\n<p><label><br \/>\n<span class=\"wpcf7-form-control-wrap\" data-name=\"your-email\"><input size=\"40\" class=\"wpcf7-form-control wpcf7-text wpcf7-email wpcf7-validates-as-required wpcf7-validates-as-email\" aria-required=\"true\" aria-invalid=\"false\" placeholder=\"Email\" value=\"\" type=\"email\" name=\"your-email\" \/><\/span> <\/label>\n<\/p>\n<p><label><br \/>\n<span class=\"wpcf7-form-control-wrap\" data-name=\"your-tel\"><input size=\"40\" class=\"wpcf7-form-control wpcf7-text wpcf7-validates-as-required\" aria-required=\"true\" aria-invalid=\"false\" placeholder=\"Tel\u00e9fono\" value=\"\" type=\"text\" name=\"your-tel\" \/><\/span> <\/label>\n<\/p>\n<p><input class=\"wpcf7-form-control has-spinner wpcf7-submit\" type=\"submit\" value=\"ENVIAR FORMULARIO\" \/>\n<\/p><p style=\"display: none !important;\"><label>&#916;<textarea name=\"_wpcf7_ak_hp_textarea\" cols=\"45\" rows=\"8\" maxlength=\"100\"><\/textarea><\/label><input type=\"hidden\" id=\"ak_js_2\" name=\"_wpcf7_ak_js\" value=\"216\"\/><script>document.getElementById( \"ak_js_2\" ).setAttribute( \"value\", ( new Date() ).getTime() );<\/script><\/p><div class=\"wpcf7-response-output\" aria-hidden=\"true\"><\/div>\n<\/form>\n<\/div>\n<\/div><\/div><\/div><div class=\"vc_col-sm-6 wpb_column vc_column_container\"><div class=\"vc_column-inner us_custom_b037f512\"><div class=\"wpb_wrapper\"><div class=\"w-vwrapper us_custom_e47d7875 mi-envoltura-contact align_none valign_top\"><div class=\"w-text us_custom_492f024f has_text_color icon_atleft\"><span class=\"w-text-h\"><i class=\"fas fa-star-christmas\"><\/i><span class=\"w-text-value\">Obtenga su certificado de forma eficaz y r\u00e1pida<\/span><\/span><\/div><div class=\"w-text us_custom_26910de7 has_text_color icon_atleft\"><span class=\"w-text-h\"><i class=\"fas fa-star-christmas\"><\/i><span class=\"w-text-value\">Atenci\u00f3n personalizada<\/span><\/span><\/div><div class=\"w-image align_center\"><a href=\"https:\/\/admk.cl\/wp-content\/uploads\/2023\/04\/mbr-1320x795-1.jpg\" ref=\"magnificPopup\" aria-label=\"Enlace\" class=\"w-image-h\"><img width=\"1056\" height=\"457\" src=\"https:\/\/admk.cl\/wp-content\/uploads\/2023\/04\/mbr-1320x795-1.jpg\" class=\"attachment-full size-full\" alt=\"\" decoding=\"async\" loading=\"lazy\" srcset=\"https:\/\/admk.cl\/wp-content\/uploads\/2023\/04\/mbr-1320x795-1.jpg 1056w, https:\/\/admk.cl\/wp-content\/uploads\/2023\/04\/mbr-1320x795-1-300x130.jpg 300w, https:\/\/admk.cl\/wp-content\/uploads\/2023\/04\/mbr-1320x795-1-1024x443.jpg 1024w, https:\/\/admk.cl\/wp-content\/uploads\/2023\/04\/mbr-1320x795-1-512x222.jpg 512w, https:\/\/admk.cl\/wp-content\/uploads\/2023\/04\/mbr-1320x795-1-600x260.jpg 600w\" sizes=\"(max-width: 1056px) 100vw, 1056px\" \/><\/a><\/div><\/div><\/div><\/div><\/div><\/div><div class=\"g-cols wpb_row via_flex valign_top type_default stacking_default\"><div class=\"vc_col-sm-12 wpb_column vc_column_container\"><div class=\"vc_column-inner\"><div class=\"wpb_wrapper\"><div class=\"w-separator size_large\"><\/div><div class=\"wpb_text_column\"><div class=\"wpb_wrapper\"><div id=\"divtags\">\n<h1>Servicio de protecci\u00f3n de marcas: asegurando tus derechos de propiedad intelectual<\/h1>\n<h1>Gu\u00eda completa sobre el servicio de protecci\u00f3n de marcas<\/h1>\n<h1>Beneficios de contar con un servicio de protecci\u00f3n de marcas<\/h1>\n<h1>Protecci\u00f3n de marcas: garantizando la seguridad y exclusividad de tu identidad comercial<\/h1>\n<h1>Servicio profesional de protecci\u00f3n de marcas: confianza y tranquilidad para tu negocio<\/h1>\n<h1>Importancia de la protecci\u00f3n de marcas en el entorno empresarial<\/h1>\n<h1>Protecci\u00f3n de marcas: prevenci\u00f3n de infracciones y competencia desleal<\/h1>\n<h1>Servicio de vigilancia de marcas: detecci\u00f3n temprana de posibles conflictos<\/h1>\n<h1>Protecci\u00f3n legal de marcas: asesoramiento especializado y defensa de derechos<\/h1>\n<h1>Servicio de protecci\u00f3n de marcas: registro, monitoreo y defensa integral<\/h1>\n<h1>Valoraci\u00f3n de marcas: protecci\u00f3n de activos intangibles y reputaci\u00f3n empresarial<\/h1>\n<h1>Servicio de protecci\u00f3n de marcas: mitigando riesgos y resguardando tu inversi\u00f3n<\/h1>\n<h1>Protecci\u00f3n internacional de marcas: expansi\u00f3n segura y globalizaci\u00f3n del negocio<\/h1>\n<h1>Servicio de protecci\u00f3n de marcas: gesti\u00f3n eficiente de cartera de marcas<\/h1>\n<h1>Protecci\u00f3n de marcas en l\u00ednea: monitoreo y defensa en el entorno digital<\/h1>\n<h1>Servicio de protecci\u00f3n de marcas: estrategias personalizadas y adaptadas a tu negocio<\/h1>\n<\/div>\n<\/div><\/div><\/div><\/div><\/div><\/div><\/div><\/div><\/div><div class=\"vc_col-sm-1 wpb_column vc_column_container\"><div class=\"vc_column-inner\"><div class=\"wpb_wrapper\"><\/div><\/div><\/div><\/div><\/div><\/section>\n","protected":false},"excerpt":{"rendered":"Servicio de Protecci\u00f3n de Marcas Servicio de Protecci\u00f3n de MarcasProtegemos su marca comercial de forma proactiva, revisando las marcas que se registran en Chile o el simple uso de marcas similares, y le notificaremos si desea que presentemos una oposici\u00f3n o iniciemos acciones legales. Seguridad y EfectividadRapidez y eficiencia &#916; Caracter\u00edsticas 1: Recibir\u00e1 un informe...","protected":false},"author":1,"featured_media":0,"parent":0,"menu_order":0,"comment_status":"closed","ping_status":"closed","template":"","meta":{"footnotes":""},"acf":[],"_links":{"self":[{"href":"https:\/\/admk.cl\/index.php\/wp-json\/wp\/v2\/pages\/9165"}],"collection":[{"href":"https:\/\/admk.cl\/index.php\/wp-json\/wp\/v2\/pages"}],"about":[{"href":"https:\/\/admk.cl\/index.php\/wp-json\/wp\/v2\/types\/page"}],"author":[{"embeddable":true,"href":"https:\/\/admk.cl\/index.php\/wp-json\/wp\/v2\/users\/1"}],"replies":[{"embeddable":true,"href":"https:\/\/admk.cl\/index.php\/wp-json\/wp\/v2\/comments?post=9165"}],"version-history":[{"count":31,"href":"https:\/\/admk.cl\/index.php\/wp-json\/wp\/v2\/pages\/9165\/revisions"}],"predecessor-version":[{"id":9644,"href":"https:\/\/admk.cl\/index.php\/wp-json\/wp\/v2\/pages\/9165\/revisions\/9644"}],"wp:attachment":[{"href":"https:\/\/admk.cl\/index.php\/wp-json\/wp\/v2\/media?parent=9165"}],"curies":[{"name":"wp","href":"https:\/\/api.w.org\/{rel}","templated":true}]}}