{"id":9363,"date":"2023-06-08T17:04:21","date_gmt":"2023-06-08T17:04:21","guid":{"rendered":"https:\/\/admk.srtv.cl\/?page_id=9363"},"modified":"2023-06-14T17:09:01","modified_gmt":"2023-06-14T17:09:01","slug":"asesoria-para-modificacion-de-sociedades","status":"publish","type":"page","link":"https:\/\/admk.cl\/index.php\/asesoria-para-modificacion-de-sociedades\/","title":{"rendered":"Asesoria para modificacion de sociedades"},"content":{"rendered":"<section class=\"l-section wpb_row us_custom_e11ab399 secc-1 modificaciones-ante-el-sii height_custom\"><div class=\"l-section-h i-cf\"><div class=\"g-cols vc_row via_flex valign_top type_default stacking_default\"><div class=\"vc_col-sm-12 wpb_column vc_column_container\"><div class=\"vc_column-inner\"><div class=\"wpb_wrapper\"><div class=\"g-cols wpb_row via_flex valign_top type_default stacking_default\"><div class=\"vc_col-sm-6 wpb_column vc_column_container\"><div class=\"vc_column-inner\"><div class=\"wpb_wrapper\"><div class=\"w-hwrapper align_none valign_top\"><div class=\"wpb_text_column us_custom_7f753c02 has_text_color\"><div class=\"wpb_wrapper\"><p>Asesoria para modificacion de sociedades<\/p>\n<div id=\"gtx-trans\" style=\"position: absolute; left: -294px; top: -16.3333px;\">\n<div class=\"gtx-trans-icon\"><\/div>\n<\/div>\n<\/div><\/div><\/div><\/div><\/div><\/div><div class=\"vc_col-sm-6 wpb_column vc_column_container\"><div class=\"vc_column-inner us_custom_f03ee871\"><div class=\"wpb_wrapper\"><\/div><\/div><\/div><\/div><div class=\"g-cols wpb_row us_custom_f37aca33 via_flex valign_top type_default stacking_default\"><div class=\"vc_col-sm-6 wpb_column vc_column_container\"><div class=\"vc_column-inner\"><div class=\"wpb_wrapper\"><\/div><\/div><\/div><div class=\"vc_col-sm-6 wpb_column vc_column_container mi-form\"><div class=\"vc_column-inner\"><div class=\"wpb_wrapper\"><h1 class=\"w-text us_custom_d9703a8e has_text_color\"><span class=\"w-text-h\"><span class=\"w-text-value\">Asesoria para modificacion de sociedades<\/span><\/span><\/h1><div class=\"wpb_text_column us_custom_6df4bc3a has_text_color\"><div class=\"wpb_wrapper\"><p>Entregamos asesor\u00eda en la modificaci\u00f3n de su empresa para el prop\u00f3sito que usted estime conveniente. <\/p>\n<\/div><\/div><div class=\"w-separator size_small\"><\/div><div class=\"w-text us_custom_6df4bc3a has_text_color icon_atleft\"><span class=\"w-text-h\"><i class=\"fas fa-shield-check\"><\/i><span class=\"w-text-value\">Seguridad y Efectividad<\/span><\/span><\/div><div class=\"w-separator size_custom\" style=\"height:10px\"><\/div><div class=\"w-text us_custom_6df4bc3a has_text_color icon_atleft\"><span class=\"w-text-h\"><i class=\"fas fa-lightbulb-on\"><\/i><span class=\"w-text-value\">Rapidez y eficiencia<\/span><\/span><\/div>\n<div class=\"wpcf7 no-js\" id=\"wpcf7-f8862-o1\" lang=\"es-ES\" dir=\"ltr\">\n<div class=\"screen-reader-response\"><p role=\"status\" aria-live=\"polite\" aria-atomic=\"true\"><\/p> <ul><\/ul><\/div>\n<form action=\"\/index.php\/wp-json\/wp\/v2\/pages\/9363#wpcf7-f8862-o1\" method=\"post\" class=\"wpcf7-form init\" aria-label=\"Formulario de contacto\" novalidate=\"novalidate\" data-status=\"init\">\n<div style=\"display: none;\">\n<input type=\"hidden\" name=\"_wpcf7\" value=\"8862\" \/>\n<input type=\"hidden\" name=\"_wpcf7_version\" value=\"5.7.7\" \/>\n<input type=\"hidden\" name=\"_wpcf7_locale\" value=\"es_ES\" \/>\n<input type=\"hidden\" name=\"_wpcf7_unit_tag\" value=\"wpcf7-f8862-o1\" \/>\n<input type=\"hidden\" name=\"_wpcf7_container_post\" value=\"0\" \/>\n<input type=\"hidden\" name=\"_wpcf7_posted_data_hash\" value=\"\" \/>\n<input type=\"hidden\" name=\"_wpcf7_recaptcha_response\" value=\"\" \/>\n<\/div>\n<p><label><br \/>\n<span class=\"wpcf7-form-control-wrap\" data-name=\"your-name\"><textarea cols=\"40\" rows=\"10\" class=\"wpcf7-form-control wpcf7-textarea wpcf7-validates-as-required\" aria-required=\"true\" aria-invalid=\"false\" placeholder=\"Nombre\" name=\"your-name\"><\/textarea><\/span> <\/label>\n<\/p>\n<p><label><br \/>\n<span class=\"wpcf7-form-control-wrap\" data-name=\"your-email\"><input size=\"40\" class=\"wpcf7-form-control wpcf7-text wpcf7-email wpcf7-validates-as-required wpcf7-validates-as-email\" aria-required=\"true\" aria-invalid=\"false\" placeholder=\"Email\" value=\"\" type=\"email\" name=\"your-email\" \/><\/span> <\/label>\n<\/p>\n<p><label><br \/>\n<span class=\"wpcf7-form-control-wrap\" data-name=\"your-tel\"><textarea cols=\"40\" rows=\"10\" class=\"wpcf7-form-control wpcf7-textarea wpcf7-validates-as-required\" aria-required=\"true\" aria-invalid=\"false\" placeholder=\"Tel\u00e9fono\" name=\"your-tel\"><\/textarea><\/span> <\/label>\n<\/p>\n<p><label><br \/>\n<span class=\"wpcf7-form-control-wrap\" data-name=\"your-message\"><textarea cols=\"40\" rows=\"10\" class=\"wpcf7-form-control wpcf7-textarea wpcf7-validates-as-required\" aria-required=\"true\" aria-invalid=\"false\" placeholder=\"Mensaje\" name=\"your-message\"><\/textarea><\/span> <\/label>\n<\/p>\n<p><input class=\"wpcf7-form-control has-spinner wpcf7-submit\" type=\"submit\" value=\"COTICE CON NOSOTROS\" \/>\n<\/p><p style=\"display: none !important;\"><label>&#916;<textarea name=\"_wpcf7_ak_hp_textarea\" cols=\"45\" rows=\"8\" maxlength=\"100\"><\/textarea><\/label><input type=\"hidden\" id=\"ak_js_1\" name=\"_wpcf7_ak_js\" value=\"12\"\/><script>document.getElementById( \"ak_js_1\" ).setAttribute( \"value\", ( new Date() ).getTime() );<\/script><\/p><div class=\"wpcf7-response-output\" aria-hidden=\"true\"><\/div>\n<\/form>\n<\/div>\n<\/div><\/div><\/div><\/div><\/div><\/div><\/div><\/div><\/div><\/section><section class=\"l-section wpb_row height_custom\"><div class=\"l-section-h i-cf\"><div class=\"g-cols vc_row via_flex valign_top type_default stacking_default\"><div class=\"vc_col-sm-12 wpb_column vc_column_container\"><div class=\"vc_column-inner\"><div class=\"wpb_wrapper\"><h1 class=\"w-text us_custom_8c944e34 has_text_color\"><span class=\"w-text-h\"><span class=\"w-text-value\">Pasos a seguir para asesoria<\/span><\/span><\/h1><h1 class=\"w-text us_custom_8c944e34 has_text_color\"><span class=\"w-text-h\"><span class=\"w-text-value\">para modificacion de sociedades<\/span><\/span><\/h1><div class=\"w-separator size_large\"><\/div><div class=\"g-cols wpb_row us_custom_92b2762d via_flex valign_top type_default stacking_default\"><div class=\"vc_col-sm-12 wpb_column vc_column_container\"><div class=\"vc_column-inner\"><div class=\"wpb_wrapper\"><div class=\"w-vwrapper card-wrapper align_none valign_top\" style=\"--vwrapper-gap:0.8rem\"><div class=\"w-iconbox us_custom_0ea5e47d iconpos_left style_default color_primary align_center\"><div class=\"w-iconbox-icon\" style=\"font-size:4rem;\"><i class=\"fas fa-file-signature\"><\/i><\/div><div class=\"w-iconbox-meta\"><h4 class=\"w-iconbox-title\" style=\"font-size:2.2rem;\">1: Se conversa con el cliente cu\u00e1les modificaciones y de qu\u00e9 naturaleza.<\/h4><div class=\"w-iconbox-text\"><p>Nuestra asesor\u00eda en modificaci\u00f3n de sociedades se enfoca en analizar las necesidades del cliente y proporcionar recomendaciones expertas sobre las modificaciones necesarias, ya sean legales, estructurales o administrativas, para optimizar el funcionamiento de su empresa.<\/p>\n<\/div><\/div><\/div><\/div><\/div><\/div><\/div><\/div><div class=\"g-cols wpb_row us_custom_92b2762d via_flex valign_top type_default stacking_default\"><div class=\"vc_col-sm-12 wpb_column vc_column_container\"><div class=\"vc_column-inner\"><div class=\"wpb_wrapper\"><div class=\"w-vwrapper card-wrapper align_none valign_top\" style=\"--vwrapper-gap:0.8rem\"><div class=\"w-iconbox us_custom_0ea5e47d iconpos_left style_default color_primary align_center\"><div class=\"w-iconbox-icon\" style=\"font-size:4rem;\"><i class=\"fas fa-file-alt\"><\/i><\/div><div class=\"w-iconbox-meta\"><h4 class=\"w-iconbox-title\" style=\"font-size:2.2rem;\">2: Se les solicitan los antecedentes necesarios seg\u00fan corresponda<\/h4><div class=\"w-iconbox-text\"><p>Como parte de nuestro servicio de asesor\u00eda para modificaci\u00f3n de sociedades, solicitamos al cliente los antecedentes necesarios, espec\u00edficamente aquellos relacionados con la empresa en cuesti\u00f3n, su estructura actual, documentos legales y financieros relevantes, y cualquier otro detalle pertinente para evaluar las modificaciones requeridas.<\/p>\n<\/div><\/div><\/div><\/div><\/div><\/div><\/div><\/div><div class=\"g-cols wpb_row us_custom_92b2762d via_flex valign_top type_default stacking_default\"><div class=\"vc_col-sm-12 wpb_column vc_column_container\"><div class=\"vc_column-inner\"><div class=\"wpb_wrapper\"><div class=\"w-vwrapper card-wrapper align_none valign_top\" style=\"--vwrapper-gap:0.8rem\"><div class=\"w-iconbox us_custom_0ea5e47d iconpos_left style_default color_primary align_center\"><div class=\"w-iconbox-icon\" style=\"font-size:4rem;\"><i class=\"fas fa-file\"><\/i><\/div><div class=\"w-iconbox-meta\"><h4 class=\"w-iconbox-title\" style=\"font-size:2.2rem;\">3: Se redacta y prepara la documentaci\u00f3n<\/h4><div class=\"w-iconbox-text\"><p>Nos encargamos de redactar y preparar toda la documentaci\u00f3n necesaria para las modificaciones en sociedades, cumpliendo con los procedimientos legales y requisitos establecidos por las autoridades competentes.<\/p>\n<\/div><\/div><\/div><\/div><\/div><\/div><\/div><\/div><div class=\"g-cols wpb_row us_custom_92b2762d via_flex valign_top type_default stacking_default\"><div class=\"vc_col-sm-12 wpb_column vc_column_container\"><div class=\"vc_column-inner\"><div class=\"wpb_wrapper\"><div class=\"w-vwrapper card-wrapper align_none valign_top\" style=\"--vwrapper-gap:0.8rem\"><div class=\"w-iconbox us_custom_0ea5e47d iconpos_left style_default color_primary align_center\"><div class=\"w-iconbox-icon\" style=\"font-size:4rem;\"><i class=\"fas fa-file\"><\/i><\/div><div class=\"w-iconbox-meta\"><h4 class=\"w-iconbox-title\" style=\"font-size:2.2rem;\">4: Se gestiona la firma de la documentaci\u00f3n ante notario<\/h4><div class=\"w-iconbox-text\"><p>Como parte integral de nuestros servicios de asesor\u00eda en modificaci\u00f3n de sociedades, nos encargamos de gestionar y coordinar la firma de la documentaci\u00f3n pertinente ante un notario p\u00fablico, asegurando la validez legal y la adecuada formalizaci\u00f3n de los cambios realizados en la sociedad.<\/p>\n<\/div><\/div><\/div><\/div><\/div><\/div><\/div><\/div><div class=\"g-cols wpb_row us_custom_92b2762d via_flex valign_top type_default stacking_default\"><div class=\"vc_col-sm-12 wpb_column vc_column_container\"><div class=\"vc_column-inner\"><div class=\"wpb_wrapper\"><div class=\"w-vwrapper card-wrapper align_none valign_top\" style=\"--vwrapper-gap:0.8rem\"><div class=\"w-iconbox us_custom_0ea5e47d iconpos_left style_default color_primary align_center\"><div class=\"w-iconbox-icon\" style=\"font-size:4rem;\"><i class=\"fas fa-user-tie\"><\/i><\/div><div class=\"w-iconbox-meta\"><h4 class=\"w-iconbox-title\" style=\"font-size:2.2rem;\">5: Se inicia el procedimiento ante conservador o r\u00e9gimen simplificado seg\u00fan corresponda.<\/h4><div class=\"w-iconbox-text\"><p>Iniciamos el procedimiento ante el conservador o r\u00e9gimen simplificado, seg\u00fan corresponda, para registrar y legalizar las modificaciones realizadas en la sociedad, asegurando su validez y cumplimiento normativo.<\/p>\n<\/div><\/div><\/div><\/div><\/div><\/div><\/div><\/div><div class=\"g-cols wpb_row us_custom_92b2762d via_flex valign_top type_default stacking_default\"><div class=\"vc_col-sm-12 wpb_column vc_column_container\"><div class=\"vc_column-inner\"><div class=\"wpb_wrapper\"><div class=\"w-vwrapper card-wrapper align_none valign_top\" style=\"--vwrapper-gap:0.8rem\"><div class=\"w-iconbox us_custom_0ea5e47d iconpos_left style_default color_primary align_center\"><div class=\"w-iconbox-icon\" style=\"font-size:4rem;\"><i class=\"fas fa-user-tie\"><\/i><\/div><div class=\"w-iconbox-meta\"><h4 class=\"w-iconbox-title\" style=\"font-size:2.2rem;\">5: Se inicia el procedimiento ante conservador o r\u00e9gimen simplificado seg\u00fan corresponda.<\/h4><div class=\"w-iconbox-text\"><p>Iniciamos el procedimiento ante el conservador o r\u00e9gimen simplificado, seg\u00fan corresponda, para registrar y legalizar las modificaciones realizadas en la sociedad, asegurando su validez y cumplimiento normativo.<\/p>\n<\/div><\/div><\/div><\/div><\/div><\/div><\/div><\/div><div class=\"g-cols wpb_row us_custom_92b2762d via_flex valign_top type_default stacking_default\"><div class=\"vc_col-sm-12 wpb_column vc_column_container\"><div class=\"vc_column-inner\"><div class=\"wpb_wrapper\"><div class=\"w-vwrapper card-wrapper align_none valign_top\" style=\"--vwrapper-gap:0.8rem\"><div class=\"w-iconbox us_custom_0ea5e47d iconpos_left style_default color_primary align_center\"><div class=\"w-iconbox-icon\" style=\"font-size:4rem;\"><i class=\"fas fa-pen-nib\"><\/i><\/div><div class=\"w-iconbox-meta\"><h4 class=\"w-iconbox-title\" style=\"font-size:2.2rem;\">6: Se gestiona la firma electr\u00f3nica de los documentos en caso de realizarse en r\u00e9gimen simplificado o ante el conservador seg\u00fan corresponda<\/h4><div class=\"w-iconbox-text\"><p>Gestionamos la firma electr\u00f3nica de los documentos requeridos en caso de realizar el procedimiento en r\u00e9gimen simplificado o ante el conservador, asegurando su autenticidad y presentaci\u00f3n adecuada ante las autoridades.<\/p>\n<\/div><\/div><\/div><\/div><\/div><\/div><\/div><\/div><div class=\"g-cols wpb_row us_custom_92b2762d via_flex valign_top type_default stacking_default\"><div class=\"vc_col-sm-12 wpb_column vc_column_container\"><div class=\"vc_column-inner\"><div class=\"wpb_wrapper\"><div class=\"w-vwrapper card-wrapper align_none valign_top\" style=\"--vwrapper-gap:0.8rem\"><div class=\"w-iconbox us_custom_0ea5e47d iconpos_left style_default color_primary align_center\"><div class=\"w-iconbox-icon\" style=\"font-size:4rem;\"><i class=\"fas fa-file-certificate\"><\/i><\/div><div class=\"w-iconbox-meta\"><h4 class=\"w-iconbox-title\" style=\"font-size:2.2rem;\">7: Gestionamos la emisi\u00f3n de certificados y la actualizaci\u00f3n de esta<\/h4><div class=\"w-iconbox-text\"><p>Gestionamos la emisi\u00f3n de certificados y la actualizaci\u00f3n de estatutos, asegurando la conformidad legal de la sociedad modificada.<\/p>\n<\/div><\/div><\/div><\/div><\/div><\/div><\/div><\/div><\/div><\/div><\/div><\/div><\/div><\/section><section class=\"l-section wpb_row height_custom with_img parallax_ver parallaxdir_reversed\"><div class=\"l-section-img\" style=\"background-image: url(https:\/\/admk.cl\/wp-content\/uploads\/2023\/06\/mbr-1-1920x1280-1.jpg);background-repeat: repeat-y;\" data-img-width=\"1920\" data-img-height=\"1280\"><\/div><div class=\"l-section-overlay\" style=\"background:rgba(10,53,114,0.69)\"><\/div><div class=\"l-section-h i-cf\"><div class=\"g-cols vc_row via_flex valign_top type_default stacking_default\"><div class=\"vc_col-sm-12 wpb_column vc_column_container\"><div class=\"vc_column-inner\"><div class=\"wpb_wrapper\"><h1 class=\"w-text us_custom_c8a43282 has_text_color\"><span class=\"w-text-h\"><span class=\"w-text-value\">Cont\u00e1ctenos ahora para asesoria para modificacion de sociedades<\/span><\/span><\/h1><div class=\"w-btn-wrapper align_center\"><a class=\"w-btn us-btn-style_1 boton-landing\" href=\"#\"><span class=\"w-btn-label\">COTICE CON NOSOTROS<\/span><\/a><\/div><\/div><\/div><\/div><\/div><\/div><\/section><section class=\"l-section wpb_row us_custom_8591a7b2 height_custom with_img parallax_ver parallaxdir_reversed\"><div class=\"l-section-img\" style=\"background-image: url(https:\/\/admk.cl\/wp-content\/uploads\/2023\/04\/mbr-1920x1081-1.jpg);background-repeat: no-repeat;\" data-img-width=\"1920\" data-img-height=\"1081\"><\/div><div class=\"l-section-h i-cf\"><div class=\"g-cols vc_row via_flex valign_top type_default stacking_default\"><div class=\"vc_col-sm-1 wpb_column vc_column_container\"><div class=\"vc_column-inner\"><div class=\"wpb_wrapper\"><\/div><\/div><\/div><div class=\"vc_col-sm-10 wpb_column vc_column_container\"><div class=\"vc_column-inner\"><div class=\"wpb_wrapper\"><div class=\"g-cols wpb_row us_custom_4fb9e5a3 mi-contcact-page via_flex valign_top type_default stacking_default\"><div class=\"vc_col-sm-6 wpb_column vc_column_container mi-form\"><div class=\"vc_column-inner us_custom_8d032b96\"><div class=\"wpb_wrapper\"><h1 class=\"w-text us_custom_ba205bf8\"><span class=\"w-text-h\"><span class=\"w-text-value\">Cont\u00e1ctenos<\/span><\/span><\/h1>\n<div class=\"wpcf7 no-js\" id=\"wpcf7-f9077-o2\" lang=\"es-ES\" dir=\"ltr\">\n<div class=\"screen-reader-response\"><p role=\"status\" aria-live=\"polite\" aria-atomic=\"true\"><\/p> <ul><\/ul><\/div>\n<form action=\"\/index.php\/wp-json\/wp\/v2\/pages\/9363#wpcf7-f9077-o2\" method=\"post\" class=\"wpcf7-form init\" aria-label=\"Formulario de contacto\" novalidate=\"novalidate\" data-status=\"init\">\n<div style=\"display: none;\">\n<input type=\"hidden\" name=\"_wpcf7\" value=\"9077\" \/>\n<input type=\"hidden\" name=\"_wpcf7_version\" value=\"5.7.7\" \/>\n<input type=\"hidden\" name=\"_wpcf7_locale\" value=\"es_ES\" \/>\n<input type=\"hidden\" name=\"_wpcf7_unit_tag\" value=\"wpcf7-f9077-o2\" \/>\n<input type=\"hidden\" name=\"_wpcf7_container_post\" value=\"0\" \/>\n<input type=\"hidden\" name=\"_wpcf7_posted_data_hash\" value=\"\" \/>\n<input type=\"hidden\" name=\"_wpcf7_recaptcha_response\" value=\"\" \/>\n<\/div>\n<p><label><br \/>\n<span class=\"wpcf7-form-control-wrap\" data-name=\"your-name\"><input size=\"40\" class=\"wpcf7-form-control wpcf7-text wpcf7-validates-as-required\" aria-required=\"true\" aria-invalid=\"false\" placeholder=\"Nombre\" value=\"\" type=\"text\" name=\"your-name\" \/><\/span> <\/label>\n<\/p>\n<p><label><br \/>\n<span class=\"wpcf7-form-control-wrap\" data-name=\"your-email\"><input size=\"40\" class=\"wpcf7-form-control wpcf7-text wpcf7-email wpcf7-validates-as-required wpcf7-validates-as-email\" aria-required=\"true\" aria-invalid=\"false\" placeholder=\"Email\" value=\"\" type=\"email\" name=\"your-email\" \/><\/span> <\/label>\n<\/p>\n<p><label><br \/>\n<span class=\"wpcf7-form-control-wrap\" data-name=\"your-tel\"><input size=\"40\" class=\"wpcf7-form-control wpcf7-text wpcf7-validates-as-required\" aria-required=\"true\" aria-invalid=\"false\" placeholder=\"Tel\u00e9fono\" value=\"\" type=\"text\" name=\"your-tel\" \/><\/span> <\/label>\n<\/p>\n<p><input class=\"wpcf7-form-control has-spinner wpcf7-submit\" type=\"submit\" value=\"ENVIAR FORMULARIO\" \/>\n<\/p><p style=\"display: none !important;\"><label>&#916;<textarea name=\"_wpcf7_ak_hp_textarea\" cols=\"45\" rows=\"8\" maxlength=\"100\"><\/textarea><\/label><input type=\"hidden\" id=\"ak_js_2\" name=\"_wpcf7_ak_js\" value=\"249\"\/><script>document.getElementById( \"ak_js_2\" ).setAttribute( \"value\", ( new Date() ).getTime() );<\/script><\/p><div class=\"wpcf7-response-output\" aria-hidden=\"true\"><\/div>\n<\/form>\n<\/div>\n<\/div><\/div><\/div><div class=\"vc_col-sm-6 wpb_column vc_column_container\"><div class=\"vc_column-inner us_custom_b037f512\"><div class=\"wpb_wrapper\"><div class=\"w-vwrapper us_custom_e47d7875 mi-envoltura-contact align_none valign_top\"><div class=\"w-text us_custom_492f024f has_text_color icon_atleft\"><span class=\"w-text-h\"><i class=\"fas fa-star-christmas\"><\/i><span class=\"w-text-value\">Obtenga su certificado de forma eficaz y r\u00e1pida<\/span><\/span><\/div><div class=\"w-text us_custom_26910de7 has_text_color icon_atleft\"><span class=\"w-text-h\"><i class=\"fas fa-star-christmas\"><\/i><span class=\"w-text-value\">Atenci\u00f3n personalizada<\/span><\/span><\/div><div class=\"w-image align_center\"><a href=\"https:\/\/admk.cl\/wp-content\/uploads\/2023\/04\/mbr-1320x795-1.jpg\" ref=\"magnificPopup\" aria-label=\"Enlace\" class=\"w-image-h\"><img width=\"1056\" height=\"457\" src=\"https:\/\/admk.cl\/wp-content\/uploads\/2023\/04\/mbr-1320x795-1.jpg\" class=\"attachment-full size-full\" alt=\"\" decoding=\"async\" loading=\"lazy\" srcset=\"https:\/\/admk.cl\/wp-content\/uploads\/2023\/04\/mbr-1320x795-1.jpg 1056w, https:\/\/admk.cl\/wp-content\/uploads\/2023\/04\/mbr-1320x795-1-300x130.jpg 300w, https:\/\/admk.cl\/wp-content\/uploads\/2023\/04\/mbr-1320x795-1-1024x443.jpg 1024w, https:\/\/admk.cl\/wp-content\/uploads\/2023\/04\/mbr-1320x795-1-512x222.jpg 512w, https:\/\/admk.cl\/wp-content\/uploads\/2023\/04\/mbr-1320x795-1-600x260.jpg 600w\" sizes=\"(max-width: 1056px) 100vw, 1056px\" \/><\/a><\/div><\/div><\/div><\/div><\/div><\/div><div class=\"g-cols wpb_row via_flex valign_top type_default stacking_default\"><div class=\"vc_col-sm-12 wpb_column vc_column_container\"><div class=\"vc_column-inner\"><div class=\"wpb_wrapper\"><div class=\"w-separator size_large\"><\/div><div class=\"wpb_text_column\"><div class=\"wpb_wrapper\"><div id=\"divtags\">\n<h1>Asesor\u00eda experta en modificaci\u00f3n de sociedades<\/h1>\n<h1>Gu\u00eda completa para la modificaci\u00f3n de sociedades<\/h1>\n<h1>Importancia de la asesor\u00eda en la modificaci\u00f3n de sociedades<\/h1>\n<h1>Proceso de modificaci\u00f3n de sociedades: consejos y recomendaciones<\/h1>\n<h1>Asesoramiento legal para la modificaci\u00f3n de sociedades<\/h1>\n<h1>Beneficios de contar con asesor\u00eda especializada en modificaci\u00f3n de sociedades<\/h1>\n<h1>Asesor\u00eda para la modificaci\u00f3n de sociedades: aspectos clave a considerar<\/h1>\n<h1>Requisitos legales y tr\u00e1mites en la modificaci\u00f3n de sociedades<\/h1>\n<h1>Asesor\u00eda financiera en la modificaci\u00f3n de sociedades<\/h1>\n<h1>Modificaci\u00f3n de sociedades: pasos y procedimientos a seguir<\/h1>\n<h1>Importancia de la asesor\u00eda contable en la modificaci\u00f3n de sociedades<\/h1>\n<h1>Asesor\u00eda fiscal en la modificaci\u00f3n de sociedades: aspectos a tener en cuenta<\/h1>\n<h1>Asesor\u00eda legal para la modificaci\u00f3n de la estructura societaria<\/h1>\n<h1>Asesor\u00eda integral en la modificaci\u00f3n de sociedades<\/h1>\n<h1>Modificaci\u00f3n de sociedades: aspectos tributarios y legales a considerar<\/h1>\n<h1>Asesoramiento para la modificaci\u00f3n de sociedades: garantizando un proceso exitoso<\/h1>\n<\/div>\n<\/div><\/div><\/div><\/div><\/div><\/div><\/div><\/div><\/div><div class=\"vc_col-sm-1 wpb_column vc_column_container\"><div class=\"vc_column-inner\"><div class=\"wpb_wrapper\"><\/div><\/div><\/div><\/div><\/div><\/section>\n","protected":false},"excerpt":{"rendered":"Asesoria para modificacion de sociedades Asesoria para modificacion de sociedadesEntregamos asesor\u00eda en la modificaci\u00f3n de su empresa para el prop\u00f3sito que usted estime conveniente. Seguridad y EfectividadRapidez y eficiencia &#916; Pasos a seguir para asesoriapara modificacion de sociedades1: Se conversa con el cliente cu\u00e1les modificaciones y de qu\u00e9 naturaleza.Nuestra asesor\u00eda en modificaci\u00f3n de sociedades se...","protected":false},"author":1,"featured_media":0,"parent":0,"menu_order":0,"comment_status":"closed","ping_status":"closed","template":"","meta":{"footnotes":""},"acf":[],"_links":{"self":[{"href":"https:\/\/admk.cl\/index.php\/wp-json\/wp\/v2\/pages\/9363"}],"collection":[{"href":"https:\/\/admk.cl\/index.php\/wp-json\/wp\/v2\/pages"}],"about":[{"href":"https:\/\/admk.cl\/index.php\/wp-json\/wp\/v2\/types\/page"}],"author":[{"embeddable":true,"href":"https:\/\/admk.cl\/index.php\/wp-json\/wp\/v2\/users\/1"}],"replies":[{"embeddable":true,"href":"https:\/\/admk.cl\/index.php\/wp-json\/wp\/v2\/comments?post=9363"}],"version-history":[{"count":21,"href":"https:\/\/admk.cl\/index.php\/wp-json\/wp\/v2\/pages\/9363\/revisions"}],"predecessor-version":[{"id":9605,"href":"https:\/\/admk.cl\/index.php\/wp-json\/wp\/v2\/pages\/9363\/revisions\/9605"}],"wp:attachment":[{"href":"https:\/\/admk.cl\/index.php\/wp-json\/wp\/v2\/media?parent=9363"}],"curies":[{"name":"wp","href":"https:\/\/api.w.org\/{rel}","templated":true}]}}