{"id":9385,"date":"2023-06-08T19:34:24","date_gmt":"2023-06-08T19:34:24","guid":{"rendered":"https:\/\/admk.srtv.cl\/?page_id=9385"},"modified":"2023-06-14T13:50:58","modified_gmt":"2023-06-14T13:50:58","slug":"oficina-virtual-domicilio-fiscal","status":"publish","type":"page","link":"https:\/\/admk.cl\/index.php\/oficina-virtual-domicilio-fiscal\/","title":{"rendered":"Oficina virtual \/ domicilio fiscal"},"content":{"rendered":"<section class=\"l-section wpb_row us_custom_e11ab399 secc-1 modificaciones-ante-el-sii height_custom\"><div class=\"l-section-h i-cf\"><div class=\"g-cols vc_row via_flex valign_top type_default stacking_default\"><div class=\"vc_col-sm-12 wpb_column vc_column_container\"><div class=\"vc_column-inner\"><div class=\"wpb_wrapper\"><div class=\"g-cols wpb_row via_flex valign_top type_default stacking_default\"><div class=\"vc_col-sm-6 wpb_column vc_column_container\"><div class=\"vc_column-inner\"><div class=\"wpb_wrapper\"><div class=\"w-hwrapper align_none valign_top\"><div class=\"wpb_text_column us_custom_7f753c02 has_text_color\"><div class=\"wpb_wrapper\"><p>Oficina virtual \/ domicilio fiscal<\/p>\n<div id=\"gtx-trans\" style=\"position: absolute; left: -62px; top: -16.3333px;\">\n<div class=\"gtx-trans-icon\"><\/div>\n<\/div>\n<\/div><\/div><\/div><\/div><\/div><\/div><div class=\"vc_col-sm-6 wpb_column vc_column_container\"><div class=\"vc_column-inner us_custom_f03ee871\"><div class=\"wpb_wrapper\"><\/div><\/div><\/div><\/div><div class=\"g-cols wpb_row us_custom_f37aca33 via_flex valign_top type_default stacking_default\"><div class=\"vc_col-sm-6 wpb_column vc_column_container\"><div class=\"vc_column-inner\"><div class=\"wpb_wrapper\"><\/div><\/div><\/div><div class=\"vc_col-sm-6 wpb_column vc_column_container mi-form\"><div class=\"vc_column-inner\"><div class=\"wpb_wrapper\"><h1 class=\"w-text us_custom_d9703a8e has_text_color\"><span class=\"w-text-h\"><span class=\"w-text-value\">Oficina virtual \/ domicilio fiscal<\/span><\/span><\/h1><div class=\"wpb_text_column us_custom_6df4bc3a has_text_color\"><div class=\"wpb_wrapper\"><p><strong>Direcciones disponibles<\/strong>:<\/p>\n<p>18 de Septiembre 671 Oficina 807, Chill\u00e1n (Opci\u00f3n Recomendada), valor: 1 UF \/ Mes<\/p>\n<p>Avenida Las Condes 12523, Oficina 807 -D, Las Condes, valor: 2 UF \/ Mes<\/p>\n<\/div><\/div><div class=\"w-separator size_small\"><\/div><div class=\"w-text us_custom_6df4bc3a has_text_color icon_atleft\"><span class=\"w-text-h\"><i class=\"fas fa-shield-check\"><\/i><span class=\"w-text-value\">Seguridad y Efectividad<\/span><\/span><\/div><div class=\"w-separator size_custom\" style=\"height:10px\"><\/div><div class=\"w-text us_custom_6df4bc3a has_text_color icon_atleft\"><span class=\"w-text-h\"><i class=\"fas fa-lightbulb-on\"><\/i><span class=\"w-text-value\">Rapidez y eficiencia<\/span><\/span><\/div>\n<div class=\"wpcf7 no-js\" id=\"wpcf7-f8862-o1\" lang=\"es-ES\" dir=\"ltr\">\n<div class=\"screen-reader-response\"><p role=\"status\" aria-live=\"polite\" aria-atomic=\"true\"><\/p> <ul><\/ul><\/div>\n<form action=\"\/index.php\/wp-json\/wp\/v2\/pages\/9385#wpcf7-f8862-o1\" method=\"post\" class=\"wpcf7-form init\" aria-label=\"Formulario de contacto\" novalidate=\"novalidate\" data-status=\"init\">\n<div style=\"display: none;\">\n<input type=\"hidden\" name=\"_wpcf7\" value=\"8862\" \/>\n<input type=\"hidden\" name=\"_wpcf7_version\" value=\"5.7.7\" \/>\n<input type=\"hidden\" name=\"_wpcf7_locale\" value=\"es_ES\" \/>\n<input type=\"hidden\" name=\"_wpcf7_unit_tag\" value=\"wpcf7-f8862-o1\" \/>\n<input type=\"hidden\" name=\"_wpcf7_container_post\" value=\"0\" \/>\n<input type=\"hidden\" name=\"_wpcf7_posted_data_hash\" value=\"\" \/>\n<input type=\"hidden\" name=\"_wpcf7_recaptcha_response\" value=\"\" \/>\n<\/div>\n<p><label><br \/>\n<span class=\"wpcf7-form-control-wrap\" data-name=\"your-name\"><textarea cols=\"40\" rows=\"10\" class=\"wpcf7-form-control wpcf7-textarea wpcf7-validates-as-required\" aria-required=\"true\" aria-invalid=\"false\" placeholder=\"Nombre\" name=\"your-name\"><\/textarea><\/span> <\/label>\n<\/p>\n<p><label><br \/>\n<span class=\"wpcf7-form-control-wrap\" data-name=\"your-email\"><input size=\"40\" class=\"wpcf7-form-control wpcf7-text wpcf7-email wpcf7-validates-as-required wpcf7-validates-as-email\" aria-required=\"true\" aria-invalid=\"false\" placeholder=\"Email\" value=\"\" type=\"email\" name=\"your-email\" \/><\/span> <\/label>\n<\/p>\n<p><label><br \/>\n<span class=\"wpcf7-form-control-wrap\" data-name=\"your-tel\"><textarea cols=\"40\" rows=\"10\" class=\"wpcf7-form-control wpcf7-textarea wpcf7-validates-as-required\" aria-required=\"true\" aria-invalid=\"false\" placeholder=\"Tel\u00e9fono\" name=\"your-tel\"><\/textarea><\/span> <\/label>\n<\/p>\n<p><label><br \/>\n<span class=\"wpcf7-form-control-wrap\" data-name=\"your-message\"><textarea cols=\"40\" rows=\"10\" class=\"wpcf7-form-control wpcf7-textarea wpcf7-validates-as-required\" aria-required=\"true\" aria-invalid=\"false\" placeholder=\"Mensaje\" name=\"your-message\"><\/textarea><\/span> <\/label>\n<\/p>\n<p><input class=\"wpcf7-form-control has-spinner wpcf7-submit\" type=\"submit\" value=\"COTICE CON NOSOTROS\" \/>\n<\/p><p style=\"display: none !important;\"><label>&#916;<textarea name=\"_wpcf7_ak_hp_textarea\" cols=\"45\" rows=\"8\" maxlength=\"100\"><\/textarea><\/label><input type=\"hidden\" id=\"ak_js_1\" name=\"_wpcf7_ak_js\" value=\"160\"\/><script>document.getElementById( \"ak_js_1\" ).setAttribute( \"value\", ( new Date() ).getTime() );<\/script><\/p><div class=\"wpcf7-response-output\" aria-hidden=\"true\"><\/div>\n<\/form>\n<\/div>\n<\/div><\/div><\/div><\/div><\/div><\/div><\/div><\/div><\/div><\/section><section class=\"l-section wpb_row height_custom\"><div class=\"l-section-h i-cf\"><div class=\"g-cols vc_row via_flex valign_top type_default stacking_default\"><div class=\"vc_col-sm-12 wpb_column vc_column_container\"><div class=\"vc_column-inner\"><div class=\"wpb_wrapper\"><h1 class=\"w-text us_custom_8c944e34 has_text_color\"><span class=\"w-text-h\"><span class=\"w-text-value\">Contrate su oficina virtual<\/span><\/span><\/h1><h1 class=\"w-text us_custom_8c944e34 has_text_color\"><span class=\"w-text-h\"><span class=\"w-text-value\">en tres simples pasos<\/span><\/span><\/h1><div class=\"w-separator size_large\"><\/div><div class=\"g-cols wpb_row us_custom_92b2762d via_flex valign_top type_default stacking_default\"><div class=\"vc_col-sm-4 wpb_column vc_column_container\"><div class=\"vc_column-inner\"><div class=\"wpb_wrapper\"><div class=\"w-vwrapper card-wrapper align_none valign_top\" style=\"--vwrapper-gap:0.8rem\"><div class=\"w-iconbox us_custom_e9480d9c iconpos_top style_default color_primary align_center\"><div class=\"w-iconbox-icon\" style=\"font-size:2rem;\"><i class=\"fas fa-phone\"><\/i><\/div><div class=\"w-iconbox-meta\"><h4 class=\"w-iconbox-title\" style=\"font-size:1.4rem;\">1: Cont\u00e1ctenos<\/h4><div class=\"w-iconbox-text\"><p>Cont\u00e1ctenos ahora para recibir su cotizaci\u00f3n y las caracter\u00edsticas de las dos direcciones que tenemos disponibles para usted.<\/p>\n<\/div><\/div><\/div><\/div><\/div><\/div><\/div><div class=\"vc_col-sm-4 wpb_column vc_column_container\"><div class=\"vc_column-inner\"><div class=\"wpb_wrapper\"><div class=\"w-vwrapper card-wrapper align_none valign_top\" style=\"--vwrapper-gap:0.8rem\"><div class=\"w-iconbox us_custom_e9480d9c iconpos_top style_default color_primary align_center\"><div class=\"w-iconbox-icon\" style=\"font-size:2rem;\"><i class=\"fas fa-file-alt\"><\/i><\/div><div class=\"w-iconbox-meta\"><h4 class=\"w-iconbox-title\" style=\"font-size:1.4rem;\">2: Firma de contrato<\/h4><div class=\"w-iconbox-text\"><p>Firma de contato de arriendo de oficina virtual, para poder proceder a iniciaci\u00f3n de actividades ante SII y validar direcci\u00f3n en caso de necesitarse.<\/p>\n<\/div><\/div><\/div><\/div><\/div><\/div><\/div><div class=\"vc_col-sm-4 wpb_column vc_column_container\"><div class=\"vc_column-inner\"><div class=\"wpb_wrapper\"><div class=\"w-vwrapper card-wrapper align_none valign_top\" style=\"--vwrapper-gap:0.8rem\"><div class=\"w-iconbox us_custom_e9480d9c iconpos_top style_default color_primary align_center\"><div class=\"w-iconbox-icon\" style=\"font-size:2rem;\"><i class=\"fas fa-usd-square\"><\/i><\/div><div class=\"w-iconbox-meta\"><h4 class=\"w-iconbox-title\" style=\"font-size:1.4rem;\">3: Pago del servicio<\/h4><div class=\"w-iconbox-text\"><p>Puede pagar mediante transferencia o con tarjeta de cr\u00e9dito. Ofrecemos un 10% de descuento si contrata un a\u00f1o de servicio.<\/p>\n<\/div><\/div><\/div><\/div><\/div><\/div><\/div><\/div><\/div><\/div><\/div><\/div><\/div><\/section><section class=\"l-section wpb_row us_custom_99b04656 height_custom\"><div class=\"l-section-h i-cf\"><div class=\"g-cols vc_row via_flex valign_top type_default stacking_default\"><div class=\"vc_col-sm-12 wpb_column vc_column_container\"><div class=\"vc_column-inner\"><div class=\"wpb_wrapper\"><div class=\"w-text us_custom_52ea68c0 has_text_color\"><span class=\"w-text-h\"><span class=\"w-text-value\">Contrate ahora su<\/span><\/span><\/div><div class=\"w-text us_custom_52ea68c0 has_text_color\"><span class=\"w-text-h\"><span class=\"w-text-value\">oficina virtual en<\/span><\/span><\/div><div class=\"w-text us_custom_52ea68c0 has_text_color\"><span class=\"w-text-h\"><span class=\"w-text-value\">ADMK, sin tr\u00e1mites<\/span><\/span><\/div><div class=\"w-text us_custom_52ea68c0 has_text_color\"><span class=\"w-text-h\"><span class=\"w-text-value\">complejos.<\/span><\/span><\/div><div class=\"w-separator size_small\"><\/div><div class=\"w-text us_custom_7fecffdb has_text_color\"><span class=\"w-text-h\"><span class=\"w-text-value\">Ofrecemos nuestra moderna oficina en Las Condes, entregando<\/span><\/span><\/div><div class=\"w-text us_custom_7fecffdb has_text_color\"><span class=\"w-text-h\"><span class=\"w-text-value\">confianza y seriedad a sus clientes.<\/span><\/span><\/div><\/div><\/div><\/div><\/div><\/div><\/section><section class=\"l-section wpb_row height_custom with_img parallax_ver parallaxdir_reversed\"><div class=\"l-section-img\" style=\"background-image: url(https:\/\/admk.cl\/wp-content\/uploads\/2023\/06\/mbr-1-1920x1280-1.jpg);background-repeat: repeat-y;\" data-img-width=\"1920\" data-img-height=\"1280\"><\/div><div class=\"l-section-overlay\" style=\"background:rgba(10,53,114,0.69)\"><\/div><div class=\"l-section-h i-cf\"><div class=\"g-cols vc_row via_flex valign_top type_default stacking_default\"><div class=\"vc_col-sm-12 wpb_column vc_column_container\"><div class=\"vc_column-inner\"><div class=\"wpb_wrapper\"><h1 class=\"w-text us_custom_c8a43282 has_text_color\"><span class=\"w-text-h\"><span class=\"w-text-value\">Cont\u00e1ctenos ahora para oficina virtual \/ domicilio fiscal<\/span><\/span><\/h1><div class=\"w-btn-wrapper align_center\"><a class=\"w-btn us-btn-style_1 boton-landing\" href=\"#\"><span class=\"w-btn-label\">COTICE CON NOSOTROS<\/span><\/a><\/div><\/div><\/div><\/div><\/div><\/div><\/section><section class=\"l-section wpb_row us_custom_8591a7b2 height_custom with_img parallax_ver parallaxdir_reversed\"><div class=\"l-section-img\" style=\"background-image: url(https:\/\/admk.cl\/wp-content\/uploads\/2023\/04\/mbr-1920x1081-1.jpg);background-repeat: no-repeat;\" data-img-width=\"1920\" data-img-height=\"1081\"><\/div><div class=\"l-section-h i-cf\"><div class=\"g-cols vc_row via_flex valign_top type_default stacking_default\"><div class=\"vc_col-sm-1 wpb_column vc_column_container\"><div class=\"vc_column-inner\"><div class=\"wpb_wrapper\"><\/div><\/div><\/div><div class=\"vc_col-sm-10 wpb_column vc_column_container\"><div class=\"vc_column-inner\"><div class=\"wpb_wrapper\"><div class=\"g-cols wpb_row us_custom_4fb9e5a3 mi-contcact-page via_flex valign_top type_default stacking_default\"><div class=\"vc_col-sm-6 wpb_column vc_column_container mi-form\"><div class=\"vc_column-inner us_custom_8d032b96\"><div class=\"wpb_wrapper\"><h1 class=\"w-text us_custom_ba205bf8\"><span class=\"w-text-h\"><span class=\"w-text-value\">Cont\u00e1ctenos<\/span><\/span><\/h1>\n<div class=\"wpcf7 no-js\" id=\"wpcf7-f9077-o2\" lang=\"es-ES\" dir=\"ltr\">\n<div class=\"screen-reader-response\"><p role=\"status\" aria-live=\"polite\" aria-atomic=\"true\"><\/p> <ul><\/ul><\/div>\n<form action=\"\/index.php\/wp-json\/wp\/v2\/pages\/9385#wpcf7-f9077-o2\" method=\"post\" class=\"wpcf7-form init\" aria-label=\"Formulario de contacto\" novalidate=\"novalidate\" data-status=\"init\">\n<div style=\"display: none;\">\n<input type=\"hidden\" name=\"_wpcf7\" value=\"9077\" \/>\n<input type=\"hidden\" name=\"_wpcf7_version\" value=\"5.7.7\" \/>\n<input type=\"hidden\" name=\"_wpcf7_locale\" value=\"es_ES\" \/>\n<input type=\"hidden\" name=\"_wpcf7_unit_tag\" value=\"wpcf7-f9077-o2\" \/>\n<input type=\"hidden\" name=\"_wpcf7_container_post\" value=\"0\" \/>\n<input type=\"hidden\" name=\"_wpcf7_posted_data_hash\" value=\"\" \/>\n<input type=\"hidden\" name=\"_wpcf7_recaptcha_response\" value=\"\" \/>\n<\/div>\n<p><label><br \/>\n<span class=\"wpcf7-form-control-wrap\" data-name=\"your-name\"><input size=\"40\" class=\"wpcf7-form-control wpcf7-text wpcf7-validates-as-required\" aria-required=\"true\" aria-invalid=\"false\" placeholder=\"Nombre\" value=\"\" type=\"text\" name=\"your-name\" \/><\/span> <\/label>\n<\/p>\n<p><label><br \/>\n<span class=\"wpcf7-form-control-wrap\" data-name=\"your-email\"><input size=\"40\" class=\"wpcf7-form-control wpcf7-text wpcf7-email wpcf7-validates-as-required wpcf7-validates-as-email\" aria-required=\"true\" aria-invalid=\"false\" placeholder=\"Email\" value=\"\" type=\"email\" name=\"your-email\" \/><\/span> <\/label>\n<\/p>\n<p><label><br \/>\n<span class=\"wpcf7-form-control-wrap\" data-name=\"your-tel\"><input size=\"40\" class=\"wpcf7-form-control wpcf7-text wpcf7-validates-as-required\" aria-required=\"true\" aria-invalid=\"false\" placeholder=\"Tel\u00e9fono\" value=\"\" type=\"text\" name=\"your-tel\" \/><\/span> <\/label>\n<\/p>\n<p><input class=\"wpcf7-form-control has-spinner wpcf7-submit\" type=\"submit\" value=\"ENVIAR FORMULARIO\" \/>\n<\/p><p style=\"display: none !important;\"><label>&#916;<textarea name=\"_wpcf7_ak_hp_textarea\" cols=\"45\" rows=\"8\" maxlength=\"100\"><\/textarea><\/label><input type=\"hidden\" id=\"ak_js_2\" name=\"_wpcf7_ak_js\" value=\"240\"\/><script>document.getElementById( \"ak_js_2\" ).setAttribute( \"value\", ( new Date() ).getTime() );<\/script><\/p><div class=\"wpcf7-response-output\" aria-hidden=\"true\"><\/div>\n<\/form>\n<\/div>\n<\/div><\/div><\/div><div class=\"vc_col-sm-6 wpb_column vc_column_container\"><div class=\"vc_column-inner us_custom_b037f512\"><div class=\"wpb_wrapper\"><div class=\"w-vwrapper us_custom_e47d7875 mi-envoltura-contact align_none valign_top\"><div class=\"w-text us_custom_492f024f has_text_color icon_atleft\"><span class=\"w-text-h\"><i class=\"fas fa-star-christmas\"><\/i><span class=\"w-text-value\">Obtenga su certificado de forma eficaz y r\u00e1pida<\/span><\/span><\/div><div class=\"w-text us_custom_26910de7 has_text_color icon_atleft\"><span class=\"w-text-h\"><i class=\"fas fa-star-christmas\"><\/i><span class=\"w-text-value\">Atenci\u00f3n personalizada<\/span><\/span><\/div><div class=\"w-image align_center\"><a href=\"https:\/\/admk.cl\/wp-content\/uploads\/2023\/04\/mbr-1320x795-1.jpg\" ref=\"magnificPopup\" aria-label=\"Enlace\" class=\"w-image-h\"><img width=\"1056\" height=\"457\" src=\"https:\/\/admk.cl\/wp-content\/uploads\/2023\/04\/mbr-1320x795-1.jpg\" class=\"attachment-full size-full\" alt=\"\" decoding=\"async\" loading=\"lazy\" srcset=\"https:\/\/admk.cl\/wp-content\/uploads\/2023\/04\/mbr-1320x795-1.jpg 1056w, https:\/\/admk.cl\/wp-content\/uploads\/2023\/04\/mbr-1320x795-1-300x130.jpg 300w, https:\/\/admk.cl\/wp-content\/uploads\/2023\/04\/mbr-1320x795-1-1024x443.jpg 1024w, https:\/\/admk.cl\/wp-content\/uploads\/2023\/04\/mbr-1320x795-1-512x222.jpg 512w, https:\/\/admk.cl\/wp-content\/uploads\/2023\/04\/mbr-1320x795-1-600x260.jpg 600w\" sizes=\"(max-width: 1056px) 100vw, 1056px\" \/><\/a><\/div><\/div><\/div><\/div><\/div><\/div><div class=\"g-cols wpb_row via_flex valign_top type_default stacking_default\"><div class=\"vc_col-sm-12 wpb_column vc_column_container\"><div class=\"vc_column-inner\"><div class=\"wpb_wrapper\"><div class=\"w-separator size_large\"><\/div><div class=\"wpb_text_column\"><div class=\"wpb_wrapper\"><div id=\"divtags\">\n<h1>Beneficios de una oficina virtual para tu negocio<\/h1>\n<h1>Domicilio fiscal: \u00bfQu\u00e9 es y por qu\u00e9 es importante?<\/h1>\n<h1>Oficinas virtuales: la soluci\u00f3n para empresas modernas<\/h1>\n<h1>C\u00f3mo establecer un domicilio fiscal utilizando una oficina virtual<\/h1>\n<h1>Ventajas de contar con una oficina virtual para tu empresa<\/h1>\n<h1>La importancia de un domicilio fiscal para tu negocio<\/h1>\n<h1>Oficina virtual: una opci\u00f3n flexible y econ\u00f3mica para emprendedores<\/h1>\n<h1>Beneficios de tener un domicilio fiscal en una ubicaci\u00f3n estrat\u00e9gica<\/h1>\n<h1>Oficinas virtuales: el futuro del trabajo<\/h1>\n<h1>El valor de una oficina virtual en el mundo empresarial actual<\/h1>\n<h1>Aspectos legales a considerar al utilizar una oficina virtual como domicilio fiscal<\/h1>\n<h1>Oficina virtual vs. Oficina f\u00edsica: comparaci\u00f3n de ventajas y desventajas<\/h1>\n<h1>Los servicios m\u00e1s comunes ofrecidos por una oficina virtual<\/h1>\n<h1>Domicilio fiscal: requisitos y tr\u00e1mites para establecerlo correctamente<\/h1>\n<h1>Oficina virtual: una soluci\u00f3n pr\u00e1ctica para emprendedores y profesionales independientes<\/h1>\n<h1>Aspectos a tener en cuenta al elegir una oficina virtual para tu negocio<\/h1>\n<\/div>\n<\/div><\/div><\/div><\/div><\/div><\/div><\/div><\/div><\/div><div class=\"vc_col-sm-1 wpb_column vc_column_container\"><div class=\"vc_column-inner\"><div class=\"wpb_wrapper\"><\/div><\/div><\/div><\/div><\/div><\/section>\n","protected":false},"excerpt":{"rendered":"Oficina virtual \/ domicilio fiscal Oficina virtual \/ domicilio fiscalDirecciones disponibles: 18 de Septiembre 671 Oficina 807, Chill\u00e1n (Opci\u00f3n Recomendada), valor: 1 UF \/ Mes Avenida Las Condes 12523, Oficina 807 -D, Las Condes, valor: 2 UF \/ Mes Seguridad y EfectividadRapidez y eficiencia &#916; Contrate su oficina virtualen tres simples pasos1: Cont\u00e1ctenosCont\u00e1ctenos ahora para...","protected":false},"author":1,"featured_media":0,"parent":0,"menu_order":0,"comment_status":"closed","ping_status":"closed","template":"","meta":{"footnotes":""},"acf":[],"_links":{"self":[{"href":"https:\/\/admk.cl\/index.php\/wp-json\/wp\/v2\/pages\/9385"}],"collection":[{"href":"https:\/\/admk.cl\/index.php\/wp-json\/wp\/v2\/pages"}],"about":[{"href":"https:\/\/admk.cl\/index.php\/wp-json\/wp\/v2\/types\/page"}],"author":[{"embeddable":true,"href":"https:\/\/admk.cl\/index.php\/wp-json\/wp\/v2\/users\/1"}],"replies":[{"embeddable":true,"href":"https:\/\/admk.cl\/index.php\/wp-json\/wp\/v2\/comments?post=9385"}],"version-history":[{"count":11,"href":"https:\/\/admk.cl\/index.php\/wp-json\/wp\/v2\/pages\/9385\/revisions"}],"predecessor-version":[{"id":9577,"href":"https:\/\/admk.cl\/index.php\/wp-json\/wp\/v2\/pages\/9385\/revisions\/9577"}],"wp:attachment":[{"href":"https:\/\/admk.cl\/index.php\/wp-json\/wp\/v2\/media?parent=9385"}],"curies":[{"name":"wp","href":"https:\/\/api.w.org\/{rel}","templated":true}]}}